{"id":95,"date":"2025-11-04T22:47:20","date_gmt":"2025-11-04T22:47:20","guid":{"rendered":"https:\/\/hatarakinihongo.com\/?page_id=95"},"modified":"2025-12-10T15:48:50","modified_gmt":"2025-12-10T15:48:50","slug":"about","status":"publish","type":"page","link":"https:\/\/hatarakinihongo.com\/?page_id=95","title":{"rendered":"About"},"content":{"rendered":"<h1 style=\"font-size:clamp(1.743rem, 1.743rem + ((1vw - 0.2rem) * 1.972), 3rem); margin-top:50px;margin-bottom:20px;\" class=\"wp-block-post-title has-merriweather-font-family\">About<\/h1>\n\n\n<div class=\"wp-block-columns alignwide is-layout-flex wp-container-core-columns-is-layout-28f84493 wp-block-columns-is-layout-flex\">\n<div class=\"wp-block-column is-layout-flow wp-block-column-is-layout-flow\" style=\"flex-basis:20%\">\n<div class=\"wp-block-group has-border-color has-global-padding is-content-justification-left is-layout-constrained wp-container-core-group-is-layout-8d7865d6 wp-block-group-is-layout-constrained\" style=\"border-color:#b4ba8f;border-width:1px;border-radius:12px;min-height:200px;padding-top:var(--wp--preset--spacing--20);padding-right:0;padding-bottom:var(--wp--preset--spacing--20);padding-left:5px\"><nav style=\"color: #323232;\" class=\"has-text-color is-responsive  is-vertical wp-block-navigation has-manrope-font-family is-layout-flex wp-container-core-navigation-is-layout-b6775ab2 wp-block-navigation-is-layout-flex\" aria-label=\"Footer menu 2\" \n\t\t data-wp-interactive=\"core\/navigation\" data-wp-context='{\"overlayOpenedBy\":{\"click\":false,\"hover\":false,\"focus\":false},\"type\":\"overlay\",\"roleAttribute\":\"\",\"ariaLabel\":\"Menu\"}'><button aria-haspopup=\"dialog\" aria-label=\"Open menu\" class=\"wp-block-navigation__responsive-container-open\" \n\t\t\t\tdata-wp-on--click=\"actions.openMenuOnClick\"\n\t\t\t\tdata-wp-on--keydown=\"actions.handleMenuKeydown\"\n\t\t\t><svg width=\"24\" height=\"24\" xmlns=\"http:\/\/www.w3.org\/2000\/svg\" viewBox=\"0 0 24 24\" aria-hidden=\"true\" focusable=\"false\"><path d=\"M4 7.5h16v1.5H4z\"><\/path><path d=\"M4 15h16v1.5H4z\"><\/path><\/svg><\/button>\n\t\t\t\t<div class=\"wp-block-navigation__responsive-container\"  id=\"modal-1\" \n\t\t\t\tdata-wp-class--has-modal-open=\"state.isMenuOpen\"\n\t\t\t\tdata-wp-class--is-menu-open=\"state.isMenuOpen\"\n\t\t\t\tdata-wp-watch=\"callbacks.initMenu\"\n\t\t\t\tdata-wp-on--keydown=\"actions.handleMenuKeydown\"\n\t\t\t\tdata-wp-on--focusout=\"actions.handleMenuFocusout\"\n\t\t\t\ttabindex=\"-1\"\n\t\t\t>\n\t\t\t\t\t<div class=\"wp-block-navigation__responsive-close\" tabindex=\"-1\">\n\t\t\t\t\t\t<div class=\"wp-block-navigation__responsive-dialog\" \n\t\t\t\tdata-wp-bind--aria-modal=\"state.ariaModal\"\n\t\t\t\tdata-wp-bind--aria-label=\"state.ariaLabel\"\n\t\t\t\tdata-wp-bind--role=\"state.roleAttribute\"\n\t\t\t>\n\t\t\t\t\t\t\t<button aria-label=\"Close menu\" class=\"wp-block-navigation__responsive-container-close\" \n\t\t\t\tdata-wp-on--click=\"actions.closeMenuOnClick\"\n\t\t\t><svg xmlns=\"http:\/\/www.w3.org\/2000\/svg\" viewBox=\"0 0 24 24\" width=\"24\" height=\"24\" aria-hidden=\"true\" focusable=\"false\"><path d=\"m13.06 12 6.47-6.47-1.06-1.06L12 10.94 5.53 4.47 4.47 5.53 10.94 12l-6.47 6.47 1.06 1.06L12 13.06l6.47 6.47 1.06-1.06L13.06 12Z\"><\/path><\/svg><\/button>\n\t\t\t\t\t\t\t<div class=\"wp-block-navigation__responsive-container-content\" \n\t\t\t\tdata-wp-watch=\"callbacks.focusFirstElement\"\n\t\t\t id=\"modal-1-content\">\n\t\t\t\t\t\t\t\t<ul style=\"color: #323232;\" class=\"wp-block-navigation__container has-text-color is-responsive  is-vertical wp-block-navigation has-manrope-font-family\"><li class=\" wp-block-navigation-item wp-block-navigation-link has-manrope-font-family\"><a class=\"wp-block-navigation-item__content\"  href=\"https:\/\/hatarakinihongo.com\/?page_id=89\"><span class=\"wp-block-navigation-item__label\">Ti\u1ebfng Nh\u1eadt business<\/span><\/a><\/li><li class=\" wp-block-navigation-item wp-block-navigation-link\"><a class=\"wp-block-navigation-item__content\"  href=\"https:\/\/hatarakinihongo.com\/?page_id=86\"><span class=\"wp-block-navigation-item__label\">Ti\u1ebfng Nh\u1eadt IT<\/span><\/a><\/li><li class=\" wp-block-navigation-item wp-block-navigation-link\"><a class=\"wp-block-navigation-item__content\"  href=\"https:\/\/hatarakinihongo.com\/?page_id=92\"><span class=\"wp-block-navigation-item__label\">L\u00e0m vi\u1ec7c v\u00e0 Giao ti\u1ebfp ki\u1ec3u Nh\u1eadt<\/span><\/a><\/li><li class=\" wp-block-navigation-item wp-block-navigation-link\"><a class=\"wp-block-navigation-item__content\"  href=\"https:\/\/hatarakinihongo.com\/?page_id=95\"><span class=\"wp-block-navigation-item__label\">About<\/span><\/a><\/li><\/ul>\n\t\t\t\t\t\t\t<\/div>\n\t\t\t\t\t\t<\/div>\n\t\t\t\t\t<\/div>\n\t\t\t\t<\/div><\/nav><\/div>\n<\/div>\n\n\n\n<div class=\"wp-block-column is-layout-flow wp-block-column-is-layout-flow\" style=\"padding-bottom:30px;flex-basis:80%\">\n<h2 class=\"wp-block-heading has-text-color has-link-color wp-elements-2e02daeadb7a83af2f0fbe493c857d48\" style=\"color:#323232;margin-top:20px;margin-bottom:20px;font-size:clamp(1.25rem, 1.25rem + ((1vw - 0.2rem) * 1.176), 2rem);\">L\u1eddi gi\u1edbi thi\u1ec7u v\u1ec1 Hataraki Nihongo<\/h2>\n\n\n<figure class=\"wp-block-post-featured-image\"><img loading=\"lazy\" decoding=\"async\" width=\"1280\" height=\"720\" src=\"https:\/\/hatarakinihongo.com\/wp-content\/uploads\/2025\/12\/About_featured_img.png\" class=\"attachment-post-thumbnail size-post-thumbnail wp-post-image\" alt=\"Girl working with laptop\" style=\"object-fit:cover;\" srcset=\"https:\/\/hatarakinihongo.com\/wp-content\/uploads\/2025\/12\/About_featured_img.png 1280w, https:\/\/hatarakinihongo.com\/wp-content\/uploads\/2025\/12\/About_featured_img-300x169.png 300w, https:\/\/hatarakinihongo.com\/wp-content\/uploads\/2025\/12\/About_featured_img-1024x576.png 1024w, https:\/\/hatarakinihongo.com\/wp-content\/uploads\/2025\/12\/About_featured_img-768x432.png 768w\" sizes=\"auto, (max-width: 1280px) 100vw, 1280px\" \/><\/figure>\n\n\n<p class=\"has-manrope-font-family\" style=\"margin-top:15px;font-size:clamp(0.984rem, 0.984rem + ((1vw - 0.2rem) * 0.809), 1.5rem);\">Xin ch\u00e0o c\u00e1c b\u1ea1n,<\/p>\n\n\n\n<p class=\"has-manrope-font-family\" style=\"margin-top:15px;font-size:clamp(0.984rem, 0.984rem + ((1vw - 0.2rem) * 0.809), 1.5rem);\">M\u00ecnh hi\u1ec7n \u0111ang l\u00e0 <strong>IT Comtor<\/strong> t\u1ea1i m\u1ed9t c\u00f4ng ty IT c\u1ee7a Nh\u1eadt B\u1ea3n, chuy\u00ean v\u1ec1 l\u0129nh v\u1ef1c ph\u00e1t tri\u1ec3n ph\u1ea7n m\u1ec1m. <\/p>\n\n\n\n<p class=\"has-manrope-font-family\" style=\"margin-top:15px;font-size:clamp(0.984rem, 0.984rem + ((1vw - 0.2rem) * 0.809), 1.5rem);\">B\u00ean c\u1ea1nh  vai tr\u00f2 IT comtor, m\u00ecnh c\u0169ng tham gia qu\u1ea3n l\u00fd, theo d\u00f5i ti\u1ebfn \u0111\u1ed9, h\u1ed7 tr\u1ee3 team th\u1ef1c hi\u1ec7n test, v\u00e0 c\u00e1c c\u00f4ng vi\u1ec7c li\u00ean quan. Ngo\u00e0i ra, m\u00ecnh c\u0169ng th\u1ef1c hi\u1ec7n th\u00eam m\u1ed9t s\u1ed1 c\u00f4ng vi\u1ec7c back office c\u1ee7a c\u00f4ng ty.<\/p>\n\n\n\n<p class=\"has-manrope-font-family\" style=\"margin-top:15px;font-size:clamp(0.984rem, 0.984rem + ((1vw - 0.2rem) * 0.809), 1.5rem);\">M\u1eb7c d\u00f9 \u0111\u00e3 c\u00f3 ch\u1ee9ng ch\u1ec9 N1, nh\u01b0ng khi b\u1eaft \u0111\u1ea7u l\u00e0m vi\u1ec7c th\u1ef1c t\u1ebf c\u1ea7n s\u1eed d\u1ee5ng ti\u1ebfng Nh\u1eadt, m\u00ecnh l\u1ea1i r\u1ea5t l\u00fang t\u00fang. M\u00ecnh kh\u00f4ng bi\u1ebft c\u00e1ch giao ti\u1ebfp, c\u00e1ch vi\u1ebft email ra sao, lo l\u1eafng kh\u00f4ng bi\u1ebft t\u1eeb v\u1ef1ng, ng\u1eef ph\u00e1p m\u00ecnh d\u00f9ng \u0111\u00e3 \u0111\u00fang ch\u01b0a. <\/p>\n\n\n\n<p class=\"has-manrope-font-family\" style=\"margin-top:15px;font-size:clamp(0.984rem, 0.984rem + ((1vw - 0.2rem) * 0.809), 1.5rem);\">V\u00e0 m\u00ecnh l\u1ea1i c\u00e0ng b\u1ed1i r\u1ed1i h\u01a1n khi tham gia nh\u1eefng bu\u1ed5i meeting c\u1ee7a d\u1ef1 \u00e1n, hay ph\u1ea3i d\u1ecbch nh\u1eefng thu\u1eadt ng\u1eef IT mang t\u00ednh k\u1ef9 thu\u1eadt cao. <\/p>\n\n\n\n<h3 class=\"wp-block-heading has-manrope-font-family\" style=\"margin-top:15px;font-size:clamp(0.984rem, 0.984rem + ((1vw - 0.2rem) * 0.809), 1.5rem);\"><strong>V\u1eady thi JLPT th\u1ef1c s\u1ef1 l\u00e0 \u0111\u00e3 \u0111\u1ee7 \u0111\u1ec3 l\u00e0m vi\u1ec7c trong c\u00f4ng ty Nh\u1eadt?<\/strong><\/h3>\n\n\n\n<p class=\"has-manrope-font-family\" style=\"margin-top:15px;font-size:clamp(0.984rem, 0.984rem + ((1vw - 0.2rem) * 0.809), 1.5rem);\">V\u1edbi m\u00ecnh th\u00ec c\u00e2u tr\u1ea3 l\u1eddi l\u00e0 ch\u01b0a \u0111\u1ee7. \u0110\u1eb7c bi\u1ec7t l\u00e0 khi tr\u1edf th\u00e0nh m\u1ed9t IT comtor, b\u1ea1n kh\u00f4ng ch\u1ec9 c\u1ea7n s\u1eed d\u1ee5ng th\u00e0nh th\u1ea1o ti\u1ebfng Nh\u1eadt business m\u00e0 c\u00f2n c\u1ea7n v\u1ed1n t\u1ef1 v\u1ef1ng chuy\u00ean ng\u00e0nh IT v\u00e0 ki\u1ebfn th\u1ee9c c\u01a1 b\u1ea3n trong l\u0129nh v\u1ef1c n\u00e0y.<\/p>\n\n\n\n<p class=\"has-manrope-font-family\" style=\"margin-top:15px;font-size:clamp(0.984rem, 0.984rem + ((1vw - 0.2rem) * 0.809), 1.5rem);\">V\u00ec v\u1eady, m\u00ecnh \u0111\u00e3 c\u1ed1 g\u1eafng trau d\u1ed3i th\u00eam ti\u1ebfng Nh\u1eadt, \u0111\u1eb7c bi\u1ec7t l\u00e0 ti\u1ebfng Nh\u1eadt business, d\u1ea7n d\u1ea7n v\u1eadn d\u1ee5ng v\u00e0o c\u00f4ng vi\u1ec7c th\u1ef1c t\u1ebf. V\u00e0 \u0111\u1ec3 ph\u1ee5c v\u1ee5 cho c\u00f4ng vi\u1ec7c IT comtor, m\u00ecnh c\u0169ng t\u00ecm hi\u1ec3u th\u00eam ki\u1ebfn th\u1ee9c IT chuy\u00ean ng\u00e0nh. M\u00ecnh \u0111\u00e3 h\u1ecdc v\u00e0 l\u1ea5y ch\u1ee9ng ch\u1ec9 IT Passport \u0111\u1ec3 hi\u1ec3u h\u01a1n v\u1ec1 quy tr\u00ecnh v\u00e0 ki\u1ebfn th\u1ee9c c\u01a1 b\u1ea3n trong l\u0129nh v\u1ef1c n\u00e0y. Nh\u1edd v\u1eady, m\u00ecnh d\u1ea7n t\u1ef1 tin h\u01a1n khi \u0111\u1ee9ng gi\u1eefa kh\u00e1ch h\u00e0ng Nh\u1eadt v\u00e0 team ph\u00e1t tri\u1ec3n.<\/p>\n\n\n\n<p class=\"has-manrope-font-family\" style=\"margin-top:15px;font-size:clamp(0.984rem, 0.984rem + ((1vw - 0.2rem) * 0.809), 1.5rem);\">M\u00ecnh tin r\u1eb1ng, r\u1ea5t nhi\u1ec1u b\u1ea1n h\u1ecdc ti\u1ebfng Nh\u1eadt \u0111\u1ec3 \u0111i l\u00e0m, hay \u0111ang tr\u00ean h\u00e0nh tr\u00ecnh tr\u1edf th\u00e0nh IT Comtor \/ BrSE, c\u0169ng c\u00f3 th\u1ec3 g\u1eb7p kh\u00f3 kh\u0103n gi\u1ed1ng m\u00ecnh. Kh\u00f4ng bi\u1ebft n\u00ean b\u1eaft \u0111\u1ea7u t\u1eeb \u0111\u00e2u, l\u00e0m sao \u0111\u1ec3 n\u00e2ng cao kh\u1ea3 n\u0103ng ti\u1ebfng Nh\u1eadt trong c\u00f4ng vi\u1ec7c, h\u1ecdc g\u00ec \u0111\u1ec3 l\u00e0m IT comtor\/BrSE?<\/p>\n\n\n\n<p class=\"has-manrope-font-family\" style=\"margin-top:15px;font-size:clamp(0.984rem, 0.984rem + ((1vw - 0.2rem) * 0.809), 1.5rem);\">\u0110\u00f3 ch\u00ednh l\u00e0 l\u00fd do m\u00ecnh x\u00e2y d\u1ef1ng <strong>Hataraki Nihongo<\/strong> \u2013 n\u01a1i \u0111\u1ec3 m\u00ecnh t\u1ef1 t\u1ed5ng h\u1ee3p l\u1ea1i ki\u1ebfn th\u1ee9c v\u1ec1 ti\u1ebfng Nh\u1eadt business, ti\u1ebfng Nh\u1eadt IT, nh\u1eefng b\u00e0i h\u1ecdc v\u00e0 tr\u1ea3i nghi\u1ec7m th\u1ef1c t\u1ebf t\u1eeb c\u00f4ng vi\u1ec7c IT comtor c\u1ee7a b\u1ea3n th\u00e2n. V\u00e0 hy v\u1ecdng n\u1ed9i dung chia s\u1ebb tr\u00ean <strong>Hataraki Nihongo<\/strong> ph\u1ea7n n\u00e0o gi\u00fap c\u00e1c b\u1ea1n t\u1ef1 tin h\u01a1n khi s\u1eed d\u1ee5ng ti\u1ebfng Nh\u1eadt trong c\u00f4ng vi\u1ec7c v\u00e0 tr\u00ean h\u00e0nh tr\u00ecnh tr\u1edf th\u00e0nh m\u1ed9t IT comtor.<\/p>\n\n\n\n<p class=\"has-manrope-font-family\" style=\"margin-top:15px;margin-bottom:30px;font-size:clamp(0.984rem, 0.984rem + ((1vw - 0.2rem) * 0.809), 1.5rem);\">M\u00ecnh r\u1ea5t vui n\u1ebfu b\u1ea1n c\u00f3 th\u1ec3 t\u00ecm th\u1ea5y nh\u1eefng ki\u1ebfn th\u1ee9c hay, nh\u1eefng b\u00e0i h\u1ecdc th\u00fa v\u1ecb v\u1ec1 ti\u1ebfng Nh\u1eadt business c\u0169ng nh\u01b0 ti\u1ebfng Nh\u1eadt IT t\u1ea1i <strong>Hataraki Nihongo<\/strong>.<\/p>\n<\/div>\n<\/div>\n","protected":false},"excerpt":{"rendered":"<p>L\u1eddi gi\u1edbi thi\u1ec7u v\u1ec1 Hataraki Nihongo Xin ch\u00e0o c\u00e1c b\u1ea1n, M\u00ecnh hi\u1ec7n \u0111ang l\u00e0 IT Comtor t\u1ea1i m\u1ed9t c\u00f4ng ty IT c\u1ee7a Nh\u1eadt B\u1ea3n, chuy\u00ean v\u1ec1 l\u0129nh v\u1ef1c ph\u00e1t tri\u1ec3n ph\u1ea7n m\u1ec1m. B\u00ean c\u1ea1nh vai tr\u00f2 IT comtor, m\u00ecnh c\u0169ng tham gia qu\u1ea3n l\u00fd, theo d\u00f5i ti\u1ebfn \u0111\u1ed9, h\u1ed7 tr\u1ee3 team th\u1ef1c hi\u1ec7n test, v\u00e0 [&hellip;]<\/p>\n","protected":false},"author":1,"featured_media":1953,"parent":0,"menu_order":0,"comment_status":"closed","ping_status":"closed","template":"page-no-title","meta":{"footnotes":""},"class_list":["post-95","page","type-page","status-publish","has-post-thumbnail","hentry"],"yoast_head":"<!-- This site is optimized with the Yoast SEO plugin v26.4 - https:\/\/yoast.com\/wordpress\/plugins\/seo\/ -->\n<title>About - Hataraki Nihongo<\/title>\n<meta name=\"description\" content=\"N\u01a1i chia s\u1ebb ki\u1ebfn th\u1ee9c ti\u1ebfng Nh\u1eadt bussiness, ti\u1ebfng Nh\u1eadt IT gi\u00fap b\u1ea1n t\u1ef1 tin giao ti\u1ebfp trong c\u00f4ng vi\u1ec7c, \u0111\u1eb7c bi\u1ec7t d\u00e0nh cho IT comtor\/BrSE\" \/>\n<meta name=\"robots\" content=\"noindex, follow, max-snippet:-1, max-image-preview:large, max-video-preview:-1\" \/>\n<meta property=\"og:locale\" content=\"en_US\" \/>\n<meta property=\"og:type\" content=\"article\" \/>\n<meta property=\"og:title\" content=\"About - Hataraki Nihongo\" \/>\n<meta property=\"og:description\" content=\"N\u01a1i chia s\u1ebb ki\u1ebfn th\u1ee9c ti\u1ebfng Nh\u1eadt bussiness, ti\u1ebfng Nh\u1eadt IT gi\u00fap b\u1ea1n t\u1ef1 tin giao ti\u1ebfp trong c\u00f4ng vi\u1ec7c, \u0111\u1eb7c bi\u1ec7t d\u00e0nh cho IT comtor\/BrSE\" \/>\n<meta property=\"og:url\" content=\"https:\/\/hatarakinihongo.com\/?page_id=95\" \/>\n<meta property=\"og:site_name\" content=\"Hataraki Nihongo\" \/>\n<meta property=\"article:modified_time\" content=\"2025-12-10T15:48:50+00:00\" \/>\n<meta property=\"og:image\" content=\"http:\/\/hatarakinihongo.com\/wp-content\/uploads\/2025\/12\/About_featured_img.png\" \/>\n\t<meta property=\"og:image:width\" content=\"1280\" \/>\n\t<meta property=\"og:image:height\" content=\"720\" \/>\n\t<meta property=\"og:image:type\" content=\"image\/png\" \/>\n<meta name=\"twitter:card\" content=\"summary_large_image\" \/>\n<meta name=\"twitter:label1\" content=\"Est. reading time\" \/>\n\t<meta name=\"twitter:data1\" content=\"3 minutes\" \/>\n<script type=\"application\/ld+json\" class=\"yoast-schema-graph\">{\"@context\":\"https:\/\/schema.org\",\"@graph\":[{\"@type\":\"WebPage\",\"@id\":\"https:\/\/hatarakinihongo.com\/?page_id=95\",\"url\":\"https:\/\/hatarakinihongo.com\/?page_id=95\",\"name\":\"About - Hataraki Nihongo\",\"isPartOf\":{\"@id\":\"https:\/\/hatarakinihongo.com\/#website\"},\"primaryImageOfPage\":{\"@id\":\"https:\/\/hatarakinihongo.com\/?page_id=95#primaryimage\"},\"image\":{\"@id\":\"https:\/\/hatarakinihongo.com\/?page_id=95#primaryimage\"},\"thumbnailUrl\":\"https:\/\/hatarakinihongo.com\/wp-content\/uploads\/2025\/12\/About_featured_img.png\",\"datePublished\":\"2025-11-04T22:47:20+00:00\",\"dateModified\":\"2025-12-10T15:48:50+00:00\",\"description\":\"N\u01a1i chia s\u1ebb ki\u1ebfn th\u1ee9c ti\u1ebfng Nh\u1eadt bussiness, ti\u1ebfng Nh\u1eadt IT gi\u00fap b\u1ea1n t\u1ef1 tin giao ti\u1ebfp trong c\u00f4ng vi\u1ec7c, \u0111\u1eb7c bi\u1ec7t d\u00e0nh cho IT comtor\/BrSE\",\"breadcrumb\":{\"@id\":\"https:\/\/hatarakinihongo.com\/?page_id=95#breadcrumb\"},\"inLanguage\":\"en-US\",\"potentialAction\":[{\"@type\":\"ReadAction\",\"target\":[\"https:\/\/hatarakinihongo.com\/?page_id=95\"]}]},{\"@type\":\"ImageObject\",\"inLanguage\":\"en-US\",\"@id\":\"https:\/\/hatarakinihongo.com\/?page_id=95#primaryimage\",\"url\":\"https:\/\/hatarakinihongo.com\/wp-content\/uploads\/2025\/12\/About_featured_img.png\",\"contentUrl\":\"https:\/\/hatarakinihongo.com\/wp-content\/uploads\/2025\/12\/About_featured_img.png\",\"width\":1280,\"height\":720,\"caption\":\"Girl working with laptop\"},{\"@type\":\"BreadcrumbList\",\"@id\":\"https:\/\/hatarakinihongo.com\/?page_id=95#breadcrumb\",\"itemListElement\":[{\"@type\":\"ListItem\",\"position\":1,\"name\":\"Home\",\"item\":\"https:\/\/hatarakinihongo.com\/\"},{\"@type\":\"ListItem\",\"position\":2,\"name\":\"About\"}]},{\"@type\":\"WebSite\",\"@id\":\"https:\/\/hatarakinihongo.com\/#website\",\"url\":\"https:\/\/hatarakinihongo.com\/\",\"name\":\"Hataraki Nihongo\",\"description\":\"\u4e00\u7dd2\u306b\u65e5\u672c\u8a9e\u3092\u5b66\u3073\u307e\u3057\u3087\u3046\u3002&lt;br&gt;\u4eca\u65e5\u306e\u4ed5\u4e8b\u306b\u81ea\u4fe1\u3092\u3001\u660e\u65e5\u306e\u672a\u6765\u306b\u5e0c\u671b\u3092\",\"publisher\":{\"@id\":\"https:\/\/hatarakinihongo.com\/#organization\"},\"potentialAction\":[{\"@type\":\"SearchAction\",\"target\":{\"@type\":\"EntryPoint\",\"urlTemplate\":\"https:\/\/hatarakinihongo.com\/?s={search_term_string}\"},\"query-input\":{\"@type\":\"PropertyValueSpecification\",\"valueRequired\":true,\"valueName\":\"search_term_string\"}}],\"inLanguage\":\"en-US\"},{\"@type\":\"Organization\",\"@id\":\"https:\/\/hatarakinihongo.com\/#organization\",\"name\":\"Hataraki Nihongo\",\"url\":\"https:\/\/hatarakinihongo.com\/\",\"logo\":{\"@type\":\"ImageObject\",\"inLanguage\":\"en-US\",\"@id\":\"https:\/\/hatarakinihongo.com\/#\/schema\/logo\/image\/\",\"url\":\"https:\/\/hatarakinihongo.com\/wp-content\/uploads\/2025\/11\/HATARAKI-NIHONGO_FB_Logo.png\",\"contentUrl\":\"https:\/\/hatarakinihongo.com\/wp-content\/uploads\/2025\/11\/HATARAKI-NIHONGO_FB_Logo.png\",\"width\":500,\"height\":500,\"caption\":\"Hataraki Nihongo\"},\"image\":{\"@id\":\"https:\/\/hatarakinihongo.com\/#\/schema\/logo\/image\/\"}}]}<\/script>\n<!-- \/ Yoast SEO plugin. -->","yoast_head_json":{"title":"About - Hataraki Nihongo","description":"N\u01a1i chia s\u1ebb ki\u1ebfn th\u1ee9c ti\u1ebfng Nh\u1eadt bussiness, ti\u1ebfng Nh\u1eadt IT gi\u00fap b\u1ea1n t\u1ef1 tin giao ti\u1ebfp trong c\u00f4ng vi\u1ec7c, \u0111\u1eb7c bi\u1ec7t d\u00e0nh cho IT comtor\/BrSE","robots":{"index":"noindex","follow":"follow","max-snippet":"max-snippet:-1","max-image-preview":"max-image-preview:large","max-video-preview":"max-video-preview:-1"},"og_locale":"en_US","og_type":"article","og_title":"About - Hataraki Nihongo","og_description":"N\u01a1i chia s\u1ebb ki\u1ebfn th\u1ee9c ti\u1ebfng Nh\u1eadt bussiness, ti\u1ebfng Nh\u1eadt IT gi\u00fap b\u1ea1n t\u1ef1 tin giao ti\u1ebfp trong c\u00f4ng vi\u1ec7c, \u0111\u1eb7c bi\u1ec7t d\u00e0nh cho IT comtor\/BrSE","og_url":"https:\/\/hatarakinihongo.com\/?page_id=95","og_site_name":"Hataraki Nihongo","article_modified_time":"2025-12-10T15:48:50+00:00","og_image":[{"width":1280,"height":720,"url":"http:\/\/hatarakinihongo.com\/wp-content\/uploads\/2025\/12\/About_featured_img.png","type":"image\/png"}],"twitter_card":"summary_large_image","twitter_misc":{"Est. reading time":"3 minutes"},"schema":{"@context":"https:\/\/schema.org","@graph":[{"@type":"WebPage","@id":"https:\/\/hatarakinihongo.com\/?page_id=95","url":"https:\/\/hatarakinihongo.com\/?page_id=95","name":"About - Hataraki Nihongo","isPartOf":{"@id":"https:\/\/hatarakinihongo.com\/#website"},"primaryImageOfPage":{"@id":"https:\/\/hatarakinihongo.com\/?page_id=95#primaryimage"},"image":{"@id":"https:\/\/hatarakinihongo.com\/?page_id=95#primaryimage"},"thumbnailUrl":"https:\/\/hatarakinihongo.com\/wp-content\/uploads\/2025\/12\/About_featured_img.png","datePublished":"2025-11-04T22:47:20+00:00","dateModified":"2025-12-10T15:48:50+00:00","description":"N\u01a1i chia s\u1ebb ki\u1ebfn th\u1ee9c ti\u1ebfng Nh\u1eadt bussiness, ti\u1ebfng Nh\u1eadt IT gi\u00fap b\u1ea1n t\u1ef1 tin giao ti\u1ebfp trong c\u00f4ng vi\u1ec7c, \u0111\u1eb7c bi\u1ec7t d\u00e0nh cho IT comtor\/BrSE","breadcrumb":{"@id":"https:\/\/hatarakinihongo.com\/?page_id=95#breadcrumb"},"inLanguage":"en-US","potentialAction":[{"@type":"ReadAction","target":["https:\/\/hatarakinihongo.com\/?page_id=95"]}]},{"@type":"ImageObject","inLanguage":"en-US","@id":"https:\/\/hatarakinihongo.com\/?page_id=95#primaryimage","url":"https:\/\/hatarakinihongo.com\/wp-content\/uploads\/2025\/12\/About_featured_img.png","contentUrl":"https:\/\/hatarakinihongo.com\/wp-content\/uploads\/2025\/12\/About_featured_img.png","width":1280,"height":720,"caption":"Girl working with laptop"},{"@type":"BreadcrumbList","@id":"https:\/\/hatarakinihongo.com\/?page_id=95#breadcrumb","itemListElement":[{"@type":"ListItem","position":1,"name":"Home","item":"https:\/\/hatarakinihongo.com\/"},{"@type":"ListItem","position":2,"name":"About"}]},{"@type":"WebSite","@id":"https:\/\/hatarakinihongo.com\/#website","url":"https:\/\/hatarakinihongo.com\/","name":"Hataraki Nihongo","description":"\u4e00\u7dd2\u306b\u65e5\u672c\u8a9e\u3092\u5b66\u3073\u307e\u3057\u3087\u3046\u3002&lt;br&gt;\u4eca\u65e5\u306e\u4ed5\u4e8b\u306b\u81ea\u4fe1\u3092\u3001\u660e\u65e5\u306e\u672a\u6765\u306b\u5e0c\u671b\u3092","publisher":{"@id":"https:\/\/hatarakinihongo.com\/#organization"},"potentialAction":[{"@type":"SearchAction","target":{"@type":"EntryPoint","urlTemplate":"https:\/\/hatarakinihongo.com\/?s={search_term_string}"},"query-input":{"@type":"PropertyValueSpecification","valueRequired":true,"valueName":"search_term_string"}}],"inLanguage":"en-US"},{"@type":"Organization","@id":"https:\/\/hatarakinihongo.com\/#organization","name":"Hataraki Nihongo","url":"https:\/\/hatarakinihongo.com\/","logo":{"@type":"ImageObject","inLanguage":"en-US","@id":"https:\/\/hatarakinihongo.com\/#\/schema\/logo\/image\/","url":"https:\/\/hatarakinihongo.com\/wp-content\/uploads\/2025\/11\/HATARAKI-NIHONGO_FB_Logo.png","contentUrl":"https:\/\/hatarakinihongo.com\/wp-content\/uploads\/2025\/11\/HATARAKI-NIHONGO_FB_Logo.png","width":500,"height":500,"caption":"Hataraki Nihongo"},"image":{"@id":"https:\/\/hatarakinihongo.com\/#\/schema\/logo\/image\/"}}]}},"_links":{"self":[{"href":"https:\/\/hatarakinihongo.com\/index.php?rest_route=\/wp\/v2\/pages\/95","targetHints":{"allow":["GET"]}}],"collection":[{"href":"https:\/\/hatarakinihongo.com\/index.php?rest_route=\/wp\/v2\/pages"}],"about":[{"href":"https:\/\/hatarakinihongo.com\/index.php?rest_route=\/wp\/v2\/types\/page"}],"author":[{"embeddable":true,"href":"https:\/\/hatarakinihongo.com\/index.php?rest_route=\/wp\/v2\/users\/1"}],"replies":[{"embeddable":true,"href":"https:\/\/hatarakinihongo.com\/index.php?rest_route=%2Fwp%2Fv2%2Fcomments&post=95"}],"version-history":[{"count":9,"href":"https:\/\/hatarakinihongo.com\/index.php?rest_route=\/wp\/v2\/pages\/95\/revisions"}],"predecessor-version":[{"id":1972,"href":"https:\/\/hatarakinihongo.com\/index.php?rest_route=\/wp\/v2\/pages\/95\/revisions\/1972"}],"wp:featuredmedia":[{"embeddable":true,"href":"https:\/\/hatarakinihongo.com\/index.php?rest_route=\/wp\/v2\/media\/1953"}],"wp:attachment":[{"href":"https:\/\/hatarakinihongo.com\/index.php?rest_route=%2Fwp%2Fv2%2Fmedia&parent=95"}],"curies":[{"name":"wp","href":"https:\/\/api.w.org\/{rel}","templated":true}]}}