{"id":86,"date":"2025-11-04T22:43:42","date_gmt":"2025-11-04T22:43:42","guid":{"rendered":"https:\/\/hatarakinihongo.com\/?page_id=86"},"modified":"2025-12-03T23:12:39","modified_gmt":"2025-12-03T23:12:39","slug":"tieng-nhat-it","status":"publish","type":"page","link":"https:\/\/hatarakinihongo.com\/?page_id=86","title":{"rendered":"Ti\u1ebfng Nh\u1eadt IT"},"content":{"rendered":"\n<h1 class=\"wp-block-heading has-text-align-center has-text-color has-link-color has-merriweather-font-family wp-elements-c27724cedeb322373e9a92864f5023f9\" style=\"color:#323232;margin-top:50px;margin-right:0;margin-bottom:20px;margin-left:0;font-size:clamp(1.743rem, 1.743rem + ((1vw - 0.2rem) * 1.972), 3rem);line-height:1.5\">Ti\u1ebfng Nh\u1eadt IT<\/h1>\n\n\n\n<div class=\"wp-block-columns alignwide is-layout-flex wp-container-core-columns-is-layout-28f84493 wp-block-columns-is-layout-flex\">\n<div class=\"wp-block-column is-layout-flow wp-block-column-is-layout-flow\" style=\"flex-basis:20%\">\n<div class=\"wp-block-group has-border-color has-global-padding is-content-justification-left is-layout-constrained wp-container-core-group-is-layout-8d7865d6 wp-block-group-is-layout-constrained\" style=\"border-color:#b4ba8f;border-width:1px;border-radius:12px;min-height:200px;padding-top:var(--wp--preset--spacing--20);padding-right:0;padding-bottom:var(--wp--preset--spacing--20);padding-left:5px\"><nav style=\"color: #323232;\" class=\"has-text-color is-responsive  is-vertical wp-block-navigation has-manrope-font-family is-layout-flex wp-container-core-navigation-is-layout-b6775ab2 wp-block-navigation-is-layout-flex\" aria-label=\"Footer menu 2\" \n\t\t data-wp-interactive=\"core\/navigation\" data-wp-context='{\"overlayOpenedBy\":{\"click\":false,\"hover\":false,\"focus\":false},\"type\":\"overlay\",\"roleAttribute\":\"\",\"ariaLabel\":\"Menu\"}'><button aria-haspopup=\"dialog\" aria-label=\"Open menu\" class=\"wp-block-navigation__responsive-container-open\" \n\t\t\t\tdata-wp-on--click=\"actions.openMenuOnClick\"\n\t\t\t\tdata-wp-on--keydown=\"actions.handleMenuKeydown\"\n\t\t\t><svg width=\"24\" height=\"24\" xmlns=\"http:\/\/www.w3.org\/2000\/svg\" viewBox=\"0 0 24 24\" aria-hidden=\"true\" focusable=\"false\"><path d=\"M4 7.5h16v1.5H4z\"><\/path><path d=\"M4 15h16v1.5H4z\"><\/path><\/svg><\/button>\n\t\t\t\t<div class=\"wp-block-navigation__responsive-container\"  id=\"modal-1\" \n\t\t\t\tdata-wp-class--has-modal-open=\"state.isMenuOpen\"\n\t\t\t\tdata-wp-class--is-menu-open=\"state.isMenuOpen\"\n\t\t\t\tdata-wp-watch=\"callbacks.initMenu\"\n\t\t\t\tdata-wp-on--keydown=\"actions.handleMenuKeydown\"\n\t\t\t\tdata-wp-on--focusout=\"actions.handleMenuFocusout\"\n\t\t\t\ttabindex=\"-1\"\n\t\t\t>\n\t\t\t\t\t<div class=\"wp-block-navigation__responsive-close\" tabindex=\"-1\">\n\t\t\t\t\t\t<div class=\"wp-block-navigation__responsive-dialog\" \n\t\t\t\tdata-wp-bind--aria-modal=\"state.ariaModal\"\n\t\t\t\tdata-wp-bind--aria-label=\"state.ariaLabel\"\n\t\t\t\tdata-wp-bind--role=\"state.roleAttribute\"\n\t\t\t>\n\t\t\t\t\t\t\t<button aria-label=\"Close menu\" class=\"wp-block-navigation__responsive-container-close\" \n\t\t\t\tdata-wp-on--click=\"actions.closeMenuOnClick\"\n\t\t\t><svg xmlns=\"http:\/\/www.w3.org\/2000\/svg\" viewBox=\"0 0 24 24\" width=\"24\" height=\"24\" aria-hidden=\"true\" focusable=\"false\"><path d=\"m13.06 12 6.47-6.47-1.06-1.06L12 10.94 5.53 4.47 4.47 5.53 10.94 12l-6.47 6.47 1.06 1.06L12 13.06l6.47 6.47 1.06-1.06L13.06 12Z\"><\/path><\/svg><\/button>\n\t\t\t\t\t\t\t<div class=\"wp-block-navigation__responsive-container-content\" \n\t\t\t\tdata-wp-watch=\"callbacks.focusFirstElement\"\n\t\t\t id=\"modal-1-content\">\n\t\t\t\t\t\t\t\t<ul style=\"color: #323232;\" class=\"wp-block-navigation__container has-text-color is-responsive  is-vertical wp-block-navigation has-manrope-font-family\"><li class=\" wp-block-navigation-item wp-block-navigation-link has-manrope-font-family\"><a class=\"wp-block-navigation-item__content\"  href=\"https:\/\/hatarakinihongo.com\/?page_id=89\"><span class=\"wp-block-navigation-item__label\">Ti\u1ebfng Nh\u1eadt business<\/span><\/a><\/li><li class=\" wp-block-navigation-item wp-block-navigation-link\"><a class=\"wp-block-navigation-item__content\"  href=\"https:\/\/hatarakinihongo.com\/?page_id=86\"><span class=\"wp-block-navigation-item__label\">Ti\u1ebfng Nh\u1eadt IT<\/span><\/a><\/li><li class=\" wp-block-navigation-item wp-block-navigation-link\"><a class=\"wp-block-navigation-item__content\"  href=\"https:\/\/hatarakinihongo.com\/?page_id=92\"><span class=\"wp-block-navigation-item__label\">L\u00e0m vi\u1ec7c v\u00e0 Giao ti\u1ebfp ki\u1ec3u Nh\u1eadt<\/span><\/a><\/li><li class=\" wp-block-navigation-item wp-block-navigation-link\"><a class=\"wp-block-navigation-item__content\"  href=\"https:\/\/hatarakinihongo.com\/?page_id=95\"><span class=\"wp-block-navigation-item__label\">About<\/span><\/a><\/li><\/ul>\n\t\t\t\t\t\t\t<\/div>\n\t\t\t\t\t\t<\/div>\n\t\t\t\t\t<\/div>\n\t\t\t\t<\/div><\/nav><\/div>\n<\/div>\n\n\n\n<div class=\"wp-block-column is-layout-flow wp-block-column-is-layout-flow\" style=\"padding-bottom:30px;flex-basis:80%\">\n<h2 class=\"wp-block-heading has-text-color has-link-color has-merriweather-font-family wp-elements-4c9a552473a7c437ba0ddd46f6697a05\" style=\"color:#323232;font-size:clamp(1.25rem, 1.25rem + ((1vw - 0.2rem) * 1.176), 2rem);\">T\u00e0i li\u1ec7u cung c\u1ea5p ki\u1ebfn th\u1ee9c chuy\u00ean bi\u1ec7t d\u00e0nh cho IT Comtor\/BrSE<\/h2>\n\n\n\n<p class=\"has-text-color has-link-color has-manrope-font-family wp-elements-e59cb256016a48608882efb6f8d1ef33\" style=\"color:#323232;margin-top:25px;font-size:clamp(0.984rem, 0.984rem + ((1vw - 0.2rem) * 0.809), 1.5rem);\">Hi\u1ec7n nay, ng\u00e0nh c\u00f4ng ngh\u1ec7 th\u00f4ng tin (IT) \u0111ang ph\u00e1t tri\u1ec3n m\u1ea1nh m\u1ebd, m\u1edf ra nhi\u1ec1u c\u01a1 h\u1ed9i vi\u1ec7c l\u00e0m h\u1ea5p d\u1eabn. Trong \u0111\u00f3, c\u00f4ng vi\u1ec7c <strong>IT Comtor\/BrSE<\/strong> \u2013 ng\u01b0\u1eddi gi\u1eef c\u1ea7u n\u1ed1i giao ti\u1ebfp gi\u1eefa kh\u00e1ch h\u00e0ng Nh\u1eadt v\u00e0 team l\u1eadp tr\u00ecnh Vi\u1ec7t Nam \u0111\u01b0\u1ee3c r\u1ea5t nhi\u1ec1u c\u00f4ng ty tuy\u1ec3n d\u1ee5ng.<\/p>\n\n\n\n<p class=\"has-text-color has-link-color has-manrope-font-family wp-elements-5ec5027103e14265b903b4e67dea1866\" style=\"color:#323232;margin-top:25px;font-size:clamp(0.984rem, 0.984rem + ((1vw - 0.2rem) * 0.809), 1.5rem);\">N\u1ebfu b\u1ea1n c\u00f3 ti\u1ebfng Nh\u1eadt N3 tr\u1edf l\u00ean th\u00ec \u0111\u00f3 l\u00e0 m\u1ed9t kh\u1edfi \u0111\u1ea7u r\u1ea5t t\u1ed1t. Tuy nhi\u00ean, vi\u1ec7c tr\u1edf th\u00e0nh IT Comtor\/BrSE c\u00f3 r\u00e0o c\u1ea3n r\u1ea5t l\u1edbn. \u0110\u00f3 l\u00e0 vi\u1ec7c thi\u1ebfu v\u1ed1n t\u1eeb v\u1ef1ng chuy\u00ean ng\u00e0nh IT v\u00e0 n\u1ec1n t\u1ea3ng ki\u1ebfn th\u1ee9c IT c\u01a1 b\u1ea3n \u0111\u1ec3 \u1ee9ng d\u1ee5ng trong c\u00f4ng vi\u1ec7c. T\u00e0i li\u1ec7u \u0111\u1ec3 h\u1ecdc d\u00e0nh cho IT comtor\/BrSE c\u0169ng kh\u00f4ng nhi\u1ec1u v\u00e0 kh\u00f4ng \u0111\u01b0\u1ee3c h\u1ec7 th\u1ed1ng ho\u00e1. \u0110i\u1ec1u n\u00e0y khi\u1ebfn vi\u1ec7c h\u1ecdc tr\u1edf n\u00ean r\u1eddi r\u1ea1c, kh\u00f3 \u00e1p d\u1ee5ng ngay khi tham gia d\u1ef1 \u00e1n.<\/p>\n\n\n\n<p class=\"has-text-color has-link-color has-manrope-font-family wp-elements-83d34d698888edca4854e5151ed8eb71\" style=\"color:#323232;margin-top:25px;font-size:clamp(0.984rem, 0.984rem + ((1vw - 0.2rem) * 0.809), 1.5rem);\">N\u1ebfu b\u1ea1n c\u0169ng \u0111ang c\u1ea3m th\u1ea5y kh\u00f3 kh\u0103n tr\u00ean h\u00e0nh tr\u00ecnh tr\u1edf th\u00e0nh m\u1ed9t IT Comtor\/BrSE, h\u00e3y gh\u00e9 qua trang <strong>Hataraki Nihongo &#8211; Ti\u1ebfng Nh\u1eadt IT<\/strong> nh\u00e9. \u0110\u00e2y l\u00e0 n\u01a1i b\u1ea1n c\u00f3 th\u1ec3 h\u1ecdc \u0111\u01b0\u1ee3c nh\u1eefng t\u1eeb v\u1ef1ng ti\u1ebfng Nh\u1eadt IT th\u00f4ng d\u1ee5ng trong d\u1ef1 \u00e1n v\u00e0 ki\u1ebfn th\u1ee9c IT c\u01a1 b\u1ea3n gi\u00fap b\u1ea1n t\u1ef1 tin h\u01a1n trong c\u00f4ng vi\u1ec7c c\u1ee7a m\u00ecnh. <\/p>\n\n\n\n<div class=\"wp-block-group is-layout-flow wp-block-group-is-layout-flow\" style=\"margin-top:15px\">\n<h2 class=\"wp-block-heading has-text-color has-link-color has-merriweather-font-family wp-elements-f916fedae8f60b94c7ad13f0e5761c68\" style=\"color:#323232;font-size:clamp(0.984rem, 0.984rem + ((1vw - 0.2rem) * 0.809), 1.5rem);\">1. T\u1eeb v\u1ef1ng ti\u1ebfng Nh\u1eadt IT<\/h2>\n\n\n\n<p class=\"has-text-color has-link-color has-manrope-font-family wp-elements-8bfdd46ed940873e9022b152eeda460c\" style=\"color:#323232;margin-top:5px;margin-bottom:5px;font-size:clamp(0.984rem, 0.984rem + ((1vw - 0.2rem) * 0.809), 1.5rem);text-decoration:underline\"><a href=\"https:\/\/hatarakinihongo.com\/?page_id=527\">[Kh\u00e1m ph\u00e1 chi ti\u1ebft t\u1ea1i \u0111\u00e2y]<\/a><\/p>\n\n\n\n<ul class=\"wp-block-list has-manrope-font-family\">\n<li>T\u1ed5ng h\u1ee3p t\u1eeb v\u1ef1ng chuy\u00ean ng\u00e0nh IT, th\u01b0\u1eddng \u0111\u01b0\u1ee3c s\u1eed d\u1ee5ng trong d\u1ef1 \u00e1n<\/li>\n\n\n\n<li>C\u00f3 c\u00e2u v\u00ed d\u1ee5 th\u1ef1c t\u1ebf gi\u00fap b\u1ea1n n\u1eafm \u0111\u01b0\u1ee3c c\u00e1ch d\u00f9ng t\u1eeb trong t\u00ecnh hu\u1ed1ng c\u1ee5 th\u1ec3<\/li>\n<\/ul>\n<\/div>\n\n\n\n<div class=\"wp-block-group is-layout-flow wp-block-group-is-layout-flow\" style=\"margin-top:15px\">\n<h2 class=\"wp-block-heading has-text-color has-link-color has-merriweather-font-family wp-elements-bfd1f2808fa63ff4c7f9330e073c10fe\" style=\"color:#323232;font-size:clamp(0.984rem, 0.984rem + ((1vw - 0.2rem) * 0.809), 1.5rem);\">2. Ki\u1ebfn th\u1ee9c IT c\u01a1 b\u1ea3n<\/h2>\n\n\n\n<p class=\"has-text-color has-link-color has-manrope-font-family wp-elements-db92990a7ab22136307bf4d310377d8c\" style=\"color:#323232;margin-top:5px;margin-bottom:5px;font-size:clamp(0.984rem, 0.984rem + ((1vw - 0.2rem) * 0.809), 1.5rem);text-decoration:underline\"><a href=\"https:\/\/hatarakinihongo.com\/?page_id=531\">[Kh\u00e1m ph\u00e1 chi ti\u1ebft t\u1ea1i \u0111\u00e2y]<\/a><\/p>\n\n\n\n<ul class=\"wp-block-list has-manrope-font-family\">\n<li>Gi\u1ea3i th\u00edch m\u1ed9t s\u1ed1 thu\u1eadt ng\u1eef v\u00e0 ki\u1ebfn th\u1ee9c IT c\u01a1 b\u1ea3n trong l\u0129nh v\u1ef1c IT v\u00e0 ph\u00e1t tri\u1ec3n ph\u1ea7n m\u1ec1m<\/li>\n\n\n\n<li>N\u1ed9i dung \u0111\u01b0\u1ee3c vi\u1ebft song ng\u1eef Nh\u1eadt &#8211; Vi\u1ec7t gi\u00fap b\u1ea1n h\u1ecdc th\u00eam thu\u1eadt ng\u1eef ti\u1ebfng Nh\u1eadt IT.<\/li>\n<\/ul>\n<\/div>\n\n\n\n<p class=\"has-text-color has-link-color has-manrope-font-family wp-elements-952633f2a08d33737b5092a17127738a\" style=\"color:#323232;margin-top:15px;margin-bottom:var(--wp--preset--spacing--40);font-size:clamp(0.984rem, 0.984rem + ((1vw - 0.2rem) * 0.809), 1.5rem);\"><span class=\"wp-rich-text-font-awesome-icon wp-font-awesome-icon\"><svg aria-hidden=\"true\" focusable=\"false\" data-prefix=\"fas\" data-icon=\"laptop\" class=\"svg-inline--fa fa-laptop \" role=\"img\" xmlns=\"http:\/\/www.w3.org\/2000\/svg\" viewBox=\"0 0 640 512\"><path fill=\"currentColor\" d=\"M128 32C92.7 32 64 60.7 64 96l0 240 64 0 0-240 384 0 0 240 64 0 0-240c0-35.3-28.7-64-64-64L128 32zM19.2 384C8.6 384 0 392.6 0 403.2 0 445.6 34.4 480 76.8 480l486.4 0c42.4 0 76.8-34.4 76.8-76.8 0-10.6-8.6-19.2-19.2-19.2L19.2 384z\"><\/path><\/svg><\/span> H\u00e3y \u0111\u1ed3ng h\u00e0nh c\u00f9ng <strong>Hataraki Nihongo<\/strong> tr\u00ean con \u0111\u01b0\u1eddng tr\u1edf th\u00e0nh <strong>IT Comtor\/BrSE<\/strong> nh\u00e9.<span class=\"wp-rich-text-font-awesome-icon wp-font-awesome-icon\" data-transform=\"{}\"><svg aria-hidden=\"true\" focusable=\"false\" data-prefix=\"fas\" data-icon=\"rocket\" class=\"svg-inline--fa fa-rocket \" role=\"img\" xmlns=\"http:\/\/www.w3.org\/2000\/svg\" viewBox=\"0 0 512 512\" color=\"#d14c4c\"><path fill=\"currentColor\" d=\"M128 320L24.5 320c-24.9 0-40.2-27.1-27.4-48.5L50 183.3C58.7 168.8 74.3 160 91.2 160l95 0c76.1-128.9 189.6-135.4 265.5-124.3 12.8 1.9 22.8 11.9 24.6 24.6 11.1 75.9 4.6 189.4-124.3 265.5l0 95c0 16.9-8.8 32.5-23.3 41.2l-88.2 52.9c-21.3 12.8-48.5-2.6-48.5-27.4L192 384c0-35.3-28.7-64-64-64l-.1 0zM400 160a48 48 0 1 0 -96 0 48 48 0 1 0 96 0z\"><\/path><\/svg><\/span><\/p>\n<\/div>\n<\/div>\n","protected":false},"excerpt":{"rendered":"<p>Ti\u1ebfng Nh\u1eadt IT T\u00e0i li\u1ec7u cung c\u1ea5p ki\u1ebfn th\u1ee9c chuy\u00ean bi\u1ec7t d\u00e0nh cho IT Comtor\/BrSE Hi\u1ec7n nay, ng\u00e0nh c\u00f4ng ngh\u1ec7 th\u00f4ng tin (IT) \u0111ang ph\u00e1t tri\u1ec3n m\u1ea1nh m\u1ebd, m\u1edf ra nhi\u1ec1u c\u01a1 h\u1ed9i vi\u1ec7c l\u00e0m h\u1ea5p d\u1eabn. Trong \u0111\u00f3, c\u00f4ng vi\u1ec7c IT Comtor\/BrSE \u2013 ng\u01b0\u1eddi gi\u1eef c\u1ea7u n\u1ed1i giao ti\u1ebfp gi\u1eefa kh\u00e1ch h\u00e0ng Nh\u1eadt v\u00e0 [&hellip;]<\/p>\n","protected":false},"author":1,"featured_media":0,"parent":0,"menu_order":0,"comment_status":"closed","ping_status":"closed","template":"page-no-title","meta":{"footnotes":""},"class_list":["post-86","page","type-page","status-publish","hentry"],"yoast_head":"<!-- This site is optimized with the Yoast SEO plugin v26.4 - https:\/\/yoast.com\/wordpress\/plugins\/seo\/ -->\n<title>Ti\u1ebfng Nh\u1eadt IT - Hataraki Nihongo<\/title>\n<meta name=\"description\" content=\"Ti\u1ebfng Nh\u1eadt IT - Trang t\u1ed5ng h\u1ee3p t\u1eeb v\u1ef1ng ti\u1ebfng Nh\u1eadt IT v\u00e0 chia s\u1ebb ki\u1ebfn th\u1ee9c IT c\u01a1 b\u1ea3n d\u00e0nh cho IT comtor v\u00e0 BrSE.\" \/>\n<meta name=\"robots\" content=\"noindex, follow, max-snippet:-1, max-image-preview:large, max-video-preview:-1\" \/>\n<meta property=\"og:locale\" content=\"en_US\" \/>\n<meta property=\"og:type\" content=\"article\" \/>\n<meta property=\"og:title\" content=\"Ti\u1ebfng Nh\u1eadt IT - Hataraki Nihongo\" \/>\n<meta property=\"og:description\" content=\"Ti\u1ebfng Nh\u1eadt IT - Trang t\u1ed5ng h\u1ee3p t\u1eeb v\u1ef1ng ti\u1ebfng Nh\u1eadt IT v\u00e0 chia s\u1ebb ki\u1ebfn th\u1ee9c IT c\u01a1 b\u1ea3n d\u00e0nh cho IT comtor v\u00e0 BrSE.\" \/>\n<meta property=\"og:url\" content=\"https:\/\/hatarakinihongo.com\/?page_id=86\" \/>\n<meta property=\"og:site_name\" content=\"Hataraki Nihongo\" \/>\n<meta property=\"article:modified_time\" content=\"2025-12-03T23:12:39+00:00\" \/>\n<meta name=\"twitter:card\" content=\"summary_large_image\" \/>\n<meta name=\"twitter:label1\" content=\"Est. reading time\" \/>\n\t<meta name=\"twitter:data1\" content=\"2 minutes\" \/>\n<script type=\"application\/ld+json\" class=\"yoast-schema-graph\">{\"@context\":\"https:\/\/schema.org\",\"@graph\":[{\"@type\":\"WebPage\",\"@id\":\"https:\/\/hatarakinihongo.com\/?page_id=86\",\"url\":\"https:\/\/hatarakinihongo.com\/?page_id=86\",\"name\":\"Ti\u1ebfng Nh\u1eadt IT - Hataraki Nihongo\",\"isPartOf\":{\"@id\":\"https:\/\/hatarakinihongo.com\/#website\"},\"datePublished\":\"2025-11-04T22:43:42+00:00\",\"dateModified\":\"2025-12-03T23:12:39+00:00\",\"description\":\"Ti\u1ebfng Nh\u1eadt IT - Trang t\u1ed5ng h\u1ee3p t\u1eeb v\u1ef1ng ti\u1ebfng Nh\u1eadt IT v\u00e0 chia s\u1ebb ki\u1ebfn th\u1ee9c IT c\u01a1 b\u1ea3n d\u00e0nh cho IT comtor v\u00e0 BrSE.\",\"breadcrumb\":{\"@id\":\"https:\/\/hatarakinihongo.com\/?page_id=86#breadcrumb\"},\"inLanguage\":\"en-US\",\"potentialAction\":[{\"@type\":\"ReadAction\",\"target\":[\"https:\/\/hatarakinihongo.com\/?page_id=86\"]}]},{\"@type\":\"BreadcrumbList\",\"@id\":\"https:\/\/hatarakinihongo.com\/?page_id=86#breadcrumb\",\"itemListElement\":[{\"@type\":\"ListItem\",\"position\":1,\"name\":\"Home\",\"item\":\"https:\/\/hatarakinihongo.com\/\"},{\"@type\":\"ListItem\",\"position\":2,\"name\":\"Ti\u1ebfng Nh\u1eadt IT\"}]},{\"@type\":\"WebSite\",\"@id\":\"https:\/\/hatarakinihongo.com\/#website\",\"url\":\"https:\/\/hatarakinihongo.com\/\",\"name\":\"Hataraki Nihongo\",\"description\":\"\u4e00\u7dd2\u306b\u65e5\u672c\u8a9e\u3092\u5b66\u3073\u307e\u3057\u3087\u3046\u3002&lt;br&gt;\u4eca\u65e5\u306e\u4ed5\u4e8b\u306b\u81ea\u4fe1\u3092\u3001\u660e\u65e5\u306e\u672a\u6765\u306b\u5e0c\u671b\u3092\",\"publisher\":{\"@id\":\"https:\/\/hatarakinihongo.com\/#organization\"},\"potentialAction\":[{\"@type\":\"SearchAction\",\"target\":{\"@type\":\"EntryPoint\",\"urlTemplate\":\"https:\/\/hatarakinihongo.com\/?s={search_term_string}\"},\"query-input\":{\"@type\":\"PropertyValueSpecification\",\"valueRequired\":true,\"valueName\":\"search_term_string\"}}],\"inLanguage\":\"en-US\"},{\"@type\":\"Organization\",\"@id\":\"https:\/\/hatarakinihongo.com\/#organization\",\"name\":\"Hataraki Nihongo\",\"url\":\"https:\/\/hatarakinihongo.com\/\",\"logo\":{\"@type\":\"ImageObject\",\"inLanguage\":\"en-US\",\"@id\":\"https:\/\/hatarakinihongo.com\/#\/schema\/logo\/image\/\",\"url\":\"https:\/\/hatarakinihongo.com\/wp-content\/uploads\/2025\/11\/HATARAKI-NIHONGO_FB_Logo.png\",\"contentUrl\":\"https:\/\/hatarakinihongo.com\/wp-content\/uploads\/2025\/11\/HATARAKI-NIHONGO_FB_Logo.png\",\"width\":500,\"height\":500,\"caption\":\"Hataraki Nihongo\"},\"image\":{\"@id\":\"https:\/\/hatarakinihongo.com\/#\/schema\/logo\/image\/\"}}]}<\/script>\n<!-- \/ Yoast SEO plugin. -->","yoast_head_json":{"title":"Ti\u1ebfng Nh\u1eadt IT - Hataraki Nihongo","description":"Ti\u1ebfng Nh\u1eadt IT - Trang t\u1ed5ng h\u1ee3p t\u1eeb v\u1ef1ng ti\u1ebfng Nh\u1eadt IT v\u00e0 chia s\u1ebb ki\u1ebfn th\u1ee9c IT c\u01a1 b\u1ea3n d\u00e0nh cho IT comtor v\u00e0 BrSE.","robots":{"index":"noindex","follow":"follow","max-snippet":"max-snippet:-1","max-image-preview":"max-image-preview:large","max-video-preview":"max-video-preview:-1"},"og_locale":"en_US","og_type":"article","og_title":"Ti\u1ebfng Nh\u1eadt IT - Hataraki Nihongo","og_description":"Ti\u1ebfng Nh\u1eadt IT - Trang t\u1ed5ng h\u1ee3p t\u1eeb v\u1ef1ng ti\u1ebfng Nh\u1eadt IT v\u00e0 chia s\u1ebb ki\u1ebfn th\u1ee9c IT c\u01a1 b\u1ea3n d\u00e0nh cho IT comtor v\u00e0 BrSE.","og_url":"https:\/\/hatarakinihongo.com\/?page_id=86","og_site_name":"Hataraki Nihongo","article_modified_time":"2025-12-03T23:12:39+00:00","twitter_card":"summary_large_image","twitter_misc":{"Est. reading time":"2 minutes"},"schema":{"@context":"https:\/\/schema.org","@graph":[{"@type":"WebPage","@id":"https:\/\/hatarakinihongo.com\/?page_id=86","url":"https:\/\/hatarakinihongo.com\/?page_id=86","name":"Ti\u1ebfng Nh\u1eadt IT - Hataraki Nihongo","isPartOf":{"@id":"https:\/\/hatarakinihongo.com\/#website"},"datePublished":"2025-11-04T22:43:42+00:00","dateModified":"2025-12-03T23:12:39+00:00","description":"Ti\u1ebfng Nh\u1eadt IT - Trang t\u1ed5ng h\u1ee3p t\u1eeb v\u1ef1ng ti\u1ebfng Nh\u1eadt IT v\u00e0 chia s\u1ebb ki\u1ebfn th\u1ee9c IT c\u01a1 b\u1ea3n d\u00e0nh cho IT comtor v\u00e0 BrSE.","breadcrumb":{"@id":"https:\/\/hatarakinihongo.com\/?page_id=86#breadcrumb"},"inLanguage":"en-US","potentialAction":[{"@type":"ReadAction","target":["https:\/\/hatarakinihongo.com\/?page_id=86"]}]},{"@type":"BreadcrumbList","@id":"https:\/\/hatarakinihongo.com\/?page_id=86#breadcrumb","itemListElement":[{"@type":"ListItem","position":1,"name":"Home","item":"https:\/\/hatarakinihongo.com\/"},{"@type":"ListItem","position":2,"name":"Ti\u1ebfng Nh\u1eadt IT"}]},{"@type":"WebSite","@id":"https:\/\/hatarakinihongo.com\/#website","url":"https:\/\/hatarakinihongo.com\/","name":"Hataraki Nihongo","description":"\u4e00\u7dd2\u306b\u65e5\u672c\u8a9e\u3092\u5b66\u3073\u307e\u3057\u3087\u3046\u3002&lt;br&gt;\u4eca\u65e5\u306e\u4ed5\u4e8b\u306b\u81ea\u4fe1\u3092\u3001\u660e\u65e5\u306e\u672a\u6765\u306b\u5e0c\u671b\u3092","publisher":{"@id":"https:\/\/hatarakinihongo.com\/#organization"},"potentialAction":[{"@type":"SearchAction","target":{"@type":"EntryPoint","urlTemplate":"https:\/\/hatarakinihongo.com\/?s={search_term_string}"},"query-input":{"@type":"PropertyValueSpecification","valueRequired":true,"valueName":"search_term_string"}}],"inLanguage":"en-US"},{"@type":"Organization","@id":"https:\/\/hatarakinihongo.com\/#organization","name":"Hataraki Nihongo","url":"https:\/\/hatarakinihongo.com\/","logo":{"@type":"ImageObject","inLanguage":"en-US","@id":"https:\/\/hatarakinihongo.com\/#\/schema\/logo\/image\/","url":"https:\/\/hatarakinihongo.com\/wp-content\/uploads\/2025\/11\/HATARAKI-NIHONGO_FB_Logo.png","contentUrl":"https:\/\/hatarakinihongo.com\/wp-content\/uploads\/2025\/11\/HATARAKI-NIHONGO_FB_Logo.png","width":500,"height":500,"caption":"Hataraki Nihongo"},"image":{"@id":"https:\/\/hatarakinihongo.com\/#\/schema\/logo\/image\/"}}]}},"_links":{"self":[{"href":"https:\/\/hatarakinihongo.com\/index.php?rest_route=\/wp\/v2\/pages\/86","targetHints":{"allow":["GET"]}}],"collection":[{"href":"https:\/\/hatarakinihongo.com\/index.php?rest_route=\/wp\/v2\/pages"}],"about":[{"href":"https:\/\/hatarakinihongo.com\/index.php?rest_route=\/wp\/v2\/types\/page"}],"author":[{"embeddable":true,"href":"https:\/\/hatarakinihongo.com\/index.php?rest_route=\/wp\/v2\/users\/1"}],"replies":[{"embeddable":true,"href":"https:\/\/hatarakinihongo.com\/index.php?rest_route=%2Fwp%2Fv2%2Fcomments&post=86"}],"version-history":[{"count":12,"href":"https:\/\/hatarakinihongo.com\/index.php?rest_route=\/wp\/v2\/pages\/86\/revisions"}],"predecessor-version":[{"id":1904,"href":"https:\/\/hatarakinihongo.com\/index.php?rest_route=\/wp\/v2\/pages\/86\/revisions\/1904"}],"wp:attachment":[{"href":"https:\/\/hatarakinihongo.com\/index.php?rest_route=%2Fwp%2Fv2%2Fmedia&parent=86"}],"curies":[{"name":"wp","href":"https:\/\/api.w.org\/{rel}","templated":true}]}}