{"id":85,"date":"2025-11-04T23:45:21","date_gmt":"2025-11-04T23:45:21","guid":{"rendered":"https:\/\/hatarakinihongo.com\/?page_id=85"},"modified":"2025-11-30T15:34:19","modified_gmt":"2025-11-30T15:34:19","slug":"hataraki-nihongo","status":"publish","type":"page","link":"https:\/\/hatarakinihongo.com\/","title":{"rendered":"Hataraki Nihongo"},"content":{"rendered":"\n<div class=\"wp-block-group alignfull is-content-justification-center is-nowrap is-layout-flex wp-container-core-group-is-layout-23441af8 wp-block-group-is-layout-flex\">\n<div class=\"wp-block-columns is-layout-flex wp-container-core-columns-is-layout-28f84493 wp-block-columns-is-layout-flex\">\n<div class=\"wp-block-column is-layout-flow wp-block-column-is-layout-flow\">\n<div class=\"wp-block-group has-global-padding is-layout-constrained wp-block-group-is-layout-constrained\">\n<p class=\"has-parisienne-font-family\" style=\"margin-top:5rem;margin-right:0;margin-bottom:0rem;padding-top:0.5rem;padding-right:0;padding-bottom:0rem;padding-left:0;font-size:clamp(2.418rem, 2.418rem + ((1vw - 0.2rem) * 3.266), 4.5rem);line-height:1\">Hataraki Nihongo<\/p>\n\n\n\n<p style=\"padding-top:1rem;padding-bottom:1rem;font-size:clamp(1.25rem, 1.25rem + ((1vw - 0.2rem) * 1.176), 2rem);\">\u3078\u3088\u3046\u3053\u305d<\/p>\n\n\n\n<p style=\"font-size:clamp(1.25rem, 1.25rem + ((1vw - 0.2rem) * 1.176), 2rem);\">N\u01a1i chia s\u1ebb nh\u1eefng ki\u1ebfn th\u1ee9c ti\u1ebfng Nh\u1eadt business, ti\u1ebfng Nh\u1eadt IT th\u1ef1c t\u1ebf gi\u00fap b\u1ea1n t\u1ef1 tin giao ti\u1ebfp trong c\u00f4ng vi\u1ec7c<\/p>\n\n\n\n<div class=\"wp-block-buttons is-layout-flex wp-block-buttons-is-layout-flex\" style=\"margin-top:0;margin-bottom:0;padding-top:var(--wp--preset--spacing--30);padding-bottom:var(--wp--preset--spacing--30)\">\n<div class=\"wp-block-button main-content-btn is-style-fill\"><a class=\"wp-block-button__link has-background wp-element-button\" href=\"#noi-dung-chinh-cua-hataraki-nihongo\" style=\"border-radius:20px;background-color:#b4ba8f\">Kh\u00e1m ph\u00e1 n\u1ed9i dung c\u1ee7a Hataraki Nihongo<\/a><\/div>\n<\/div>\n<\/div>\n<\/div>\n\n\n\n<div class=\"wp-block-column is-layout-flow wp-block-column-is-layout-flow\">\n<figure class=\"wp-block-image size-full\"><img loading=\"lazy\" decoding=\"async\" width=\"500\" height=\"500\" src=\"http:\/\/hatarakinihongo.com\/wp-content\/uploads\/2025\/11\/Home_image.png\" alt=\"girl working on laptop\" class=\"wp-image-132\" srcset=\"https:\/\/hatarakinihongo.com\/wp-content\/uploads\/2025\/11\/Home_image.png 500w, https:\/\/hatarakinihongo.com\/wp-content\/uploads\/2025\/11\/Home_image-300x300.png 300w, https:\/\/hatarakinihongo.com\/wp-content\/uploads\/2025\/11\/Home_image-150x150.png 150w\" sizes=\"auto, (max-width: 500px) 100vw, 500px\" \/><\/figure>\n<\/div>\n<\/div>\n<\/div>\n\n\n\n<div class=\"wp-block-group alignfull has-background is-layout-flow wp-block-group-is-layout-flow\" style=\"background-color:#b4ba8f;padding-top:50px;padding-bottom:50px\">\n<p class=\"has-text-align-center has-text-color has-link-color has-manrope-font-family wp-elements-c504e6fae3dc162cc2db8afbf383dbaa\" style=\"color:#fffbf5;margin-top:2rem;margin-bottom:2rem;font-size:clamp(1.743rem, 1.743rem + ((1vw - 0.2rem) * 1.972), 3rem);\">Ti\u1ebfng Nh\u1eadt <br>d\u00e0nh cho ng\u01b0\u1eddi \u0111i l\u00e0m<\/p>\n\n\n\n<p class=\"has-text-align-center has-text-color has-link-color has-manrope-font-family wp-elements-8db451b448d89ad99514a54503ad930f\" style=\"color:#fffbf5;margin-top:0;margin-bottom:0;font-size:clamp(1.25rem, 1.25rem + ((1vw - 0.2rem) * 1.176), 2rem);\">D\u00e0nh cho nh\u1eefng ng\u01b0\u1eddi \u0111ang v\u00e0 mu\u1ed1n l\u00e0m vi\u1ec7c trong c\u00f4ng ty Nh\u1eadt<br>&#8211; \u0111\u1eb7c bi\u1ec7t l\u00e0 IT comtor\/BrSE<\/p>\n\n\n\n<figure class=\"wp-block-image aligncenter size-medium is-resized\"><img loading=\"lazy\" decoding=\"async\" width=\"300\" height=\"300\" src=\"https:\/\/hatarakinihongo.com\/wp-content\/uploads\/2025\/11\/target-image-1-300x300.png\" alt=\"target icon\" class=\"wp-image-230\" style=\"object-fit:cover;width:300px;height:300px\" srcset=\"https:\/\/hatarakinihongo.com\/wp-content\/uploads\/2025\/11\/target-image-1-300x300.png 300w, https:\/\/hatarakinihongo.com\/wp-content\/uploads\/2025\/11\/target-image-1-150x150.png 150w, https:\/\/hatarakinihongo.com\/wp-content\/uploads\/2025\/11\/target-image-1.png 500w\" sizes=\"auto, (max-width: 300px) 100vw, 300px\" \/><\/figure>\n\n\n\n<div class=\"wp-block-group has-global-padding is-layout-constrained wp-block-group-is-layout-constrained\" style=\"margin-top:20px;margin-bottom:20px\">\n<div class=\"wp-block-columns alignwide is-layout-flex wp-container-core-columns-is-layout-28f84493 wp-block-columns-is-layout-flex\">\n<div class=\"wp-block-column is-layout-flow wp-block-column-is-layout-flow\">\n<figure class=\"wp-block-image size-full\"><img loading=\"lazy\" decoding=\"async\" width=\"500\" height=\"500\" src=\"http:\/\/hatarakinihongo.com\/wp-content\/uploads\/2025\/11\/suitecase-logo.png\" alt=\"suitecase logo\" class=\"wp-image-223\" srcset=\"https:\/\/hatarakinihongo.com\/wp-content\/uploads\/2025\/11\/suitecase-logo.png 500w, https:\/\/hatarakinihongo.com\/wp-content\/uploads\/2025\/11\/suitecase-logo-300x300.png 300w, https:\/\/hatarakinihongo.com\/wp-content\/uploads\/2025\/11\/suitecase-logo-150x150.png 150w\" sizes=\"auto, (max-width: 500px) 100vw, 500px\" \/><\/figure>\n<\/div>\n\n\n\n<div class=\"wp-block-column is-layout-flow wp-block-column-is-layout-flow\">\n<p class=\"has-base-color has-text-color has-link-color has-manrope-font-family wp-elements-068c6f0b6fc2677fa256928985e303f0\" style=\"font-size:clamp(0.984rem, 0.984rem + ((1vw - 0.2rem) * 0.809), 1.5rem);\">Chuy\u00ean bi\u1ec7t v\u1ec1 ti\u1ebfng Nh\u1eadt trong c\u00f4ng vi\u1ec7c v\u00e0 IT<\/p>\n<\/div>\n\n\n\n<div class=\"wp-block-column is-layout-flow wp-block-column-is-layout-flow\">\n<figure class=\"wp-block-image size-full\"><img loading=\"lazy\" decoding=\"async\" width=\"500\" height=\"500\" src=\"http:\/\/hatarakinihongo.com\/wp-content\/uploads\/2025\/11\/lightning-bolt-logo.png\" alt=\"lightning bolt logo\" class=\"wp-image-225\" srcset=\"https:\/\/hatarakinihongo.com\/wp-content\/uploads\/2025\/11\/lightning-bolt-logo.png 500w, https:\/\/hatarakinihongo.com\/wp-content\/uploads\/2025\/11\/lightning-bolt-logo-300x300.png 300w, https:\/\/hatarakinihongo.com\/wp-content\/uploads\/2025\/11\/lightning-bolt-logo-150x150.png 150w\" sizes=\"auto, (max-width: 500px) 100vw, 500px\" \/><\/figure>\n<\/div>\n\n\n\n<div class=\"wp-block-column is-layout-flow wp-block-column-is-layout-flow\">\n<p class=\"has-base-color has-text-color has-link-color has-manrope-font-family wp-elements-fd5130e09cbeeaf40658adfbd915d808\" style=\"font-size:clamp(0.984rem, 0.984rem + ((1vw - 0.2rem) * 0.809), 1.5rem);\">D\u1ec5 \u1ee9ng d\u1ee5ng ngay trong th\u1ef1c t\u1ebf<\/p>\n<\/div>\n\n\n\n<div class=\"wp-block-column is-layout-flow wp-block-column-is-layout-flow\">\n<figure class=\"wp-block-image size-full\"><img loading=\"lazy\" decoding=\"async\" width=\"500\" height=\"500\" src=\"http:\/\/hatarakinihongo.com\/wp-content\/uploads\/2025\/11\/computer-logo.png\" alt=\"computer logo\" class=\"wp-image-219\" srcset=\"https:\/\/hatarakinihongo.com\/wp-content\/uploads\/2025\/11\/computer-logo.png 500w, https:\/\/hatarakinihongo.com\/wp-content\/uploads\/2025\/11\/computer-logo-300x300.png 300w, https:\/\/hatarakinihongo.com\/wp-content\/uploads\/2025\/11\/computer-logo-150x150.png 150w\" sizes=\"auto, (max-width: 500px) 100vw, 500px\" \/><\/figure>\n<\/div>\n\n\n\n<div class=\"wp-block-column is-layout-flow wp-block-column-is-layout-flow\">\n<p class=\"has-base-color has-text-color has-link-color has-manrope-font-family wp-elements-6c93bf8d863f80874226000e4b741e29\" style=\"font-size:clamp(0.984rem, 0.984rem + ((1vw - 0.2rem) * 0.809), 1.5rem);\">D\u1ec5 d\u00e0ng h\u1ecdc m\u1ecdi l\u00fac m\u1ecdi n\u01a1i<\/p>\n<\/div>\n<\/div>\n<\/div>\n<\/div>\n\n\n\n<div class=\"wp-block-group alignfull has-background has-global-padding is-layout-constrained wp-block-group-is-layout-constrained\" id=\"noi-dung-chinh-cua-hataraki-nihongo\" style=\"background-color:#fffbf5;padding-top:50px;padding-bottom:50px\">\n<p class=\"has-text-align-center has-text-color has-link-color has-manrope-font-family wp-elements-46292d971459a3eac2aa51b0b1d1a9a6\" style=\"color:#323232;font-size:clamp(1.743rem, 1.743rem + ((1vw - 0.2rem) * 1.972), 3rem);\">Kh\u00e1m ph\u00e1 n\u1ed9i dung ch\u00ednh c\u1ee7a Hataraki Nihongo<\/p>\n\n\n\n<div class=\"wp-block-columns is-layout-flex wp-container-core-columns-is-layout-1fe1f53f wp-block-columns-is-layout-flex\" style=\"padding-top:20px;padding-bottom:20px\">\n<div class=\"wp-block-column is-layout-flow wp-block-column-is-layout-flow\">\n<figure class=\"wp-block-image size-full\"><a href=\"https:\/\/hatarakinihongo.com\/?page_id=89\"><img loading=\"lazy\" decoding=\"async\" width=\"640\" height=\"427\" src=\"http:\/\/hatarakinihongo.com\/wp-content\/uploads\/2025\/11\/scott-graham-5fNmWej4tAA-unsplash.jpg\" alt=\"Working with laptop\" class=\"wp-image-238\" srcset=\"https:\/\/hatarakinihongo.com\/wp-content\/uploads\/2025\/11\/scott-graham-5fNmWej4tAA-unsplash.jpg 640w, https:\/\/hatarakinihongo.com\/wp-content\/uploads\/2025\/11\/scott-graham-5fNmWej4tAA-unsplash-300x200.jpg 300w\" sizes=\"auto, (max-width: 640px) 100vw, 640px\" \/><\/a><\/figure>\n<\/div>\n\n\n\n<div class=\"wp-block-column is-layout-flow wp-block-column-is-layout-flow\">\n<figure class=\"wp-block-image size-full\"><a href=\"https:\/\/hatarakinihongo.com\/?page_id=86\"><img loading=\"lazy\" decoding=\"async\" width=\"640\" height=\"426\" src=\"http:\/\/hatarakinihongo.com\/wp-content\/uploads\/2025\/11\/christopher-gower-m_HRfLhgABo-unsplash.jpg\" alt=\"Coding\" class=\"wp-image-237\" srcset=\"https:\/\/hatarakinihongo.com\/wp-content\/uploads\/2025\/11\/christopher-gower-m_HRfLhgABo-unsplash.jpg 640w, https:\/\/hatarakinihongo.com\/wp-content\/uploads\/2025\/11\/christopher-gower-m_HRfLhgABo-unsplash-300x200.jpg 300w\" sizes=\"auto, (max-width: 640px) 100vw, 640px\" \/><\/a><\/figure>\n<\/div>\n<\/div>\n\n\n\n<div class=\"wp-block-columns is-layout-flex wp-container-core-columns-is-layout-28f84493 wp-block-columns-is-layout-flex\">\n<div class=\"wp-block-column is-layout-flow wp-block-column-is-layout-flow\">\n<p class=\"has-text-align-center has-text-color has-link-color has-manrope-font-family wp-elements-2b72a374b3e69947b6a65b70bb0f88a4\" style=\"color:#323232;font-size:clamp(0.984rem, 0.984rem + ((1vw - 0.2rem) * 0.809), 1.5rem);\"><a href=\"https:\/\/hatarakinihongo.com\/?page_id=89\">Ti\u1ebfng Nh\u1eadt business<\/a><\/p>\n<\/div>\n\n\n\n<div class=\"wp-block-column is-layout-flow wp-block-column-is-layout-flow\">\n<p class=\"has-text-align-center has-text-color has-link-color has-manrope-font-family wp-elements-e82dff3e1c66b4ca04bed3563eea23bd\" style=\"color:#323232;font-size:clamp(0.984rem, 0.984rem + ((1vw - 0.2rem) * 0.809), 1.5rem);\"><a href=\"https:\/\/hatarakinihongo.com\/?page_id=86\">Ti\u1ebfng Nh\u1eadt IT<\/a><\/p>\n<\/div>\n<\/div>\n\n\n\n<div class=\"wp-block-columns is-layout-flex wp-container-core-columns-is-layout-7d3a910c wp-block-columns-is-layout-flex\" style=\"padding-top:15px;padding-bottom:15px\">\n<div class=\"wp-block-column is-layout-flow wp-block-column-is-layout-flow\">\n<div class=\"wp-block-buttons is-content-justification-center is-layout-flex wp-container-core-buttons-is-layout-a89b3969 wp-block-buttons-is-layout-flex\">\n<div class=\"wp-block-button\"><a class=\"wp-block-button__link has-background wp-element-button\" href=\"https:\/\/hatarakinihongo.com\/?page_id=89\" style=\"background-color:#b4ba8f\">Xem th\u00eam<\/a><\/div>\n<\/div>\n<\/div>\n\n\n\n<div class=\"wp-block-column is-layout-flow wp-block-column-is-layout-flow\">\n<div class=\"wp-block-buttons is-content-justification-center is-layout-flex wp-container-core-buttons-is-layout-a89b3969 wp-block-buttons-is-layout-flex\">\n<div class=\"wp-block-button\"><a class=\"wp-block-button__link has-background wp-element-button\" href=\"https:\/\/hatarakinihongo.com\/?page_id=86\" style=\"background-color:#b4ba8f\">Xem th\u00eam<\/a><\/div>\n<\/div>\n<\/div>\n<\/div>\n\n\n\n<div class=\"wp-block-columns is-layout-flex wp-container-core-columns-is-layout-1fe1f53f wp-block-columns-is-layout-flex\" style=\"padding-top:20px;padding-bottom:20px\">\n<div class=\"wp-block-column is-layout-flow wp-block-column-is-layout-flow\">\n<figure class=\"wp-block-image size-full\"><a href=\"https:\/\/hatarakinihongo.com\/?page_id=92\"><img loading=\"lazy\" decoding=\"async\" width=\"640\" height=\"426\" src=\"http:\/\/hatarakinihongo.com\/wp-content\/uploads\/2025\/11\/maranda-vandergriff-7aakZdIl4vg-unsplash.jpg\" alt=\"Working with laptop\" class=\"wp-image-235\" srcset=\"https:\/\/hatarakinihongo.com\/wp-content\/uploads\/2025\/11\/maranda-vandergriff-7aakZdIl4vg-unsplash.jpg 640w, https:\/\/hatarakinihongo.com\/wp-content\/uploads\/2025\/11\/maranda-vandergriff-7aakZdIl4vg-unsplash-300x200.jpg 300w\" sizes=\"auto, (max-width: 640px) 100vw, 640px\" \/><\/a><\/figure>\n<\/div>\n\n\n\n<div class=\"wp-block-column is-layout-flow wp-block-column-is-layout-flow\">\n<figure class=\"wp-block-image size-full\"><a href=\"https:\/\/hatarakinihongo.com\/?page_id=95\"><img loading=\"lazy\" decoding=\"async\" width=\"640\" height=\"427\" src=\"http:\/\/hatarakinihongo.com\/wp-content\/uploads\/2025\/11\/luke-southern-ftQrm7D1Rw0-unsplash.jpg\" alt=\"A man is writing\" class=\"wp-image-236\" srcset=\"https:\/\/hatarakinihongo.com\/wp-content\/uploads\/2025\/11\/luke-southern-ftQrm7D1Rw0-unsplash.jpg 640w, https:\/\/hatarakinihongo.com\/wp-content\/uploads\/2025\/11\/luke-southern-ftQrm7D1Rw0-unsplash-300x200.jpg 300w\" sizes=\"auto, (max-width: 640px) 100vw, 640px\" \/><\/a><\/figure>\n<\/div>\n<\/div>\n\n\n\n<div class=\"wp-block-columns is-layout-flex wp-container-core-columns-is-layout-28f84493 wp-block-columns-is-layout-flex\">\n<div class=\"wp-block-column is-layout-flow wp-block-column-is-layout-flow\">\n<p class=\"has-text-align-center has-manrope-font-family\" style=\"font-size:clamp(0.984rem, 0.984rem + ((1vw - 0.2rem) * 0.809), 1.5rem);\"><a href=\"https:\/\/hatarakinihongo.com\/?page_id=92\">L\u00e0m vi\u1ec7c &amp; Giao ti\u1ebfp <br>ki\u1ec3u Nh\u1eadt<\/a><\/p>\n<\/div>\n\n\n\n<div class=\"wp-block-column is-layout-flow wp-block-column-is-layout-flow\">\n<p class=\"has-text-align-center has-text-color has-link-color has-manrope-font-family wp-elements-99145943e3d45a19ec07cf080f2f4505\" style=\"color:#323232;font-size:clamp(0.984rem, 0.984rem + ((1vw - 0.2rem) * 0.809), 1.5rem);\"><a href=\"https:\/\/hatarakinihongo.com\/?page_id=95\">About<\/a><\/p>\n<\/div>\n<\/div>\n\n\n\n<div class=\"wp-block-columns is-layout-flex wp-container-core-columns-is-layout-7d3a910c wp-block-columns-is-layout-flex\" style=\"padding-top:15px;padding-bottom:15px\">\n<div class=\"wp-block-column is-layout-flow wp-block-column-is-layout-flow\">\n<div class=\"wp-block-buttons is-content-justification-center is-layout-flex wp-container-core-buttons-is-layout-a89b3969 wp-block-buttons-is-layout-flex\">\n<div class=\"wp-block-button\"><a class=\"wp-block-button__link has-background wp-element-button\" href=\"https:\/\/hatarakinihongo.com\/?page_id=92\" style=\"background-color:#b4ba8f\">Xem th\u00eam<\/a><\/div>\n<\/div>\n<\/div>\n\n\n\n<div class=\"wp-block-column is-layout-flow wp-block-column-is-layout-flow\">\n<div class=\"wp-block-buttons is-content-justification-center is-layout-flex wp-container-core-buttons-is-layout-a89b3969 wp-block-buttons-is-layout-flex\">\n<div class=\"wp-block-button\"><a class=\"wp-block-button__link has-background wp-element-button\" href=\"https:\/\/hatarakinihongo.com\/?page_id=95\" style=\"background-color:#b4ba8f\">Xem th\u00eam<\/a><\/div>\n<\/div>\n<\/div>\n<\/div>\n<\/div>\n","protected":false},"excerpt":{"rendered":"<p>Hataraki Nihongo \u3078\u3088\u3046\u3053\u305d N\u01a1i chia s\u1ebb nh\u1eefng ki\u1ebfn th\u1ee9c ti\u1ebfng Nh\u1eadt business, ti\u1ebfng Nh\u1eadt IT th\u1ef1c t\u1ebf gi\u00fap b\u1ea1n t\u1ef1 tin giao ti\u1ebfp trong c\u00f4ng vi\u1ec7c Ti\u1ebfng Nh\u1eadt d\u00e0nh cho ng\u01b0\u1eddi \u0111i l\u00e0m D\u00e0nh cho nh\u1eefng ng\u01b0\u1eddi \u0111ang v\u00e0 mu\u1ed1n l\u00e0m vi\u1ec7c trong c\u00f4ng ty Nh\u1eadt&#8211; \u0111\u1eb7c bi\u1ec7t l\u00e0 IT comtor\/BrSE Chuy\u00ean bi\u1ec7t v\u1ec1 ti\u1ebfng [&hellip;]<\/p>\n","protected":false},"author":1,"featured_media":0,"parent":0,"menu_order":0,"comment_status":"closed","ping_status":"closed","template":"page-no-title","meta":{"footnotes":""},"class_list":["post-85","page","type-page","status-publish","hentry"],"yoast_head":"<!-- This site is optimized with the Yoast SEO plugin v26.4 - https:\/\/yoast.com\/wordpress\/plugins\/seo\/ -->\n<title>Hataraki Nihongo - Hataraki Nihongo<\/title>\n<meta name=\"description\" content=\"N\u01a1i chia s\u1ebb nh\u1eefng ki\u1ebfn th\u1ee9c ti\u1ebfng Nh\u1eadt business, ti\u1ebfng Nh\u1eadt IT th\u1ef1c t\u1ebf gi\u00fap b\u1ea1n t\u1ef1 tin giao ti\u1ebfp trong c\u00f4ng vi\u1ec7c\" \/>\n<meta name=\"robots\" content=\"noindex, follow, max-snippet:-1, max-image-preview:large, max-video-preview:-1\" \/>\n<meta property=\"og:locale\" content=\"en_US\" \/>\n<meta property=\"og:type\" content=\"article\" \/>\n<meta property=\"og:title\" content=\"Hataraki Nihongo - Hataraki Nihongo\" \/>\n<meta property=\"og:description\" content=\"N\u01a1i chia s\u1ebb nh\u1eefng ki\u1ebfn th\u1ee9c ti\u1ebfng Nh\u1eadt business, ti\u1ebfng Nh\u1eadt IT th\u1ef1c t\u1ebf gi\u00fap b\u1ea1n t\u1ef1 tin giao ti\u1ebfp trong c\u00f4ng vi\u1ec7c\" \/>\n<meta property=\"og:url\" content=\"https:\/\/hatarakinihongo.com\/\" \/>\n<meta property=\"og:site_name\" content=\"Hataraki Nihongo\" \/>\n<meta property=\"article:modified_time\" content=\"2025-11-30T15:34:19+00:00\" \/>\n<meta property=\"og:image\" content=\"https:\/\/hatarakinihongo.com\/wp-content\/uploads\/2025\/11\/Home_image.png\" \/>\n\t<meta property=\"og:image:width\" content=\"500\" \/>\n\t<meta property=\"og:image:height\" content=\"500\" \/>\n\t<meta property=\"og:image:type\" content=\"image\/png\" \/>\n<meta name=\"twitter:card\" content=\"summary_large_image\" \/>\n<meta name=\"twitter:label1\" content=\"Est. reading time\" \/>\n\t<meta name=\"twitter:data1\" content=\"3 minutes\" \/>\n<script type=\"application\/ld+json\" class=\"yoast-schema-graph\">{\"@context\":\"https:\/\/schema.org\",\"@graph\":[{\"@type\":\"WebPage\",\"@id\":\"https:\/\/hatarakinihongo.com\/\",\"url\":\"https:\/\/hatarakinihongo.com\/\",\"name\":\"Hataraki Nihongo - Hataraki Nihongo\",\"isPartOf\":{\"@id\":\"https:\/\/hatarakinihongo.com\/#website\"},\"primaryImageOfPage\":{\"@id\":\"https:\/\/hatarakinihongo.com\/#primaryimage\"},\"image\":{\"@id\":\"https:\/\/hatarakinihongo.com\/#primaryimage\"},\"thumbnailUrl\":\"http:\/\/hatarakinihongo.com\/wp-content\/uploads\/2025\/11\/Home_image.png\",\"datePublished\":\"2025-11-04T23:45:21+00:00\",\"dateModified\":\"2025-11-30T15:34:19+00:00\",\"description\":\"N\u01a1i chia s\u1ebb nh\u1eefng ki\u1ebfn th\u1ee9c ti\u1ebfng Nh\u1eadt business, ti\u1ebfng Nh\u1eadt IT th\u1ef1c t\u1ebf gi\u00fap b\u1ea1n t\u1ef1 tin giao ti\u1ebfp trong c\u00f4ng vi\u1ec7c\",\"breadcrumb\":{\"@id\":\"https:\/\/hatarakinihongo.com\/#breadcrumb\"},\"inLanguage\":\"en-US\",\"potentialAction\":[{\"@type\":\"ReadAction\",\"target\":[\"https:\/\/hatarakinihongo.com\/\"]}]},{\"@type\":\"ImageObject\",\"inLanguage\":\"en-US\",\"@id\":\"https:\/\/hatarakinihongo.com\/#primaryimage\",\"url\":\"https:\/\/hatarakinihongo.com\/wp-content\/uploads\/2025\/11\/Home_image.png\",\"contentUrl\":\"https:\/\/hatarakinihongo.com\/wp-content\/uploads\/2025\/11\/Home_image.png\",\"width\":500,\"height\":500,\"caption\":\"girl is working with Japanese\"},{\"@type\":\"BreadcrumbList\",\"@id\":\"https:\/\/hatarakinihongo.com\/#breadcrumb\",\"itemListElement\":[{\"@type\":\"ListItem\",\"position\":1,\"name\":\"Home\",\"item\":\"https:\/\/hatarakinihongo.com\/\"},{\"@type\":\"ListItem\",\"position\":2,\"name\":\"Hataraki Nihongo\"}]},{\"@type\":\"WebSite\",\"@id\":\"https:\/\/hatarakinihongo.com\/#website\",\"url\":\"https:\/\/hatarakinihongo.com\/\",\"name\":\"Hataraki Nihongo\",\"description\":\"\u4e00\u7dd2\u306b\u65e5\u672c\u8a9e\u3092\u5b66\u3073\u307e\u3057\u3087\u3046\u3002&lt;br&gt;\u4eca\u65e5\u306e\u4ed5\u4e8b\u306b\u81ea\u4fe1\u3092\u3001\u660e\u65e5\u306e\u672a\u6765\u306b\u5e0c\u671b\u3092\",\"publisher\":{\"@id\":\"https:\/\/hatarakinihongo.com\/#organization\"},\"potentialAction\":[{\"@type\":\"SearchAction\",\"target\":{\"@type\":\"EntryPoint\",\"urlTemplate\":\"https:\/\/hatarakinihongo.com\/?s={search_term_string}\"},\"query-input\":{\"@type\":\"PropertyValueSpecification\",\"valueRequired\":true,\"valueName\":\"search_term_string\"}}],\"inLanguage\":\"en-US\"},{\"@type\":\"Organization\",\"@id\":\"https:\/\/hatarakinihongo.com\/#organization\",\"name\":\"Hataraki Nihongo\",\"url\":\"https:\/\/hatarakinihongo.com\/\",\"logo\":{\"@type\":\"ImageObject\",\"inLanguage\":\"en-US\",\"@id\":\"https:\/\/hatarakinihongo.com\/#\/schema\/logo\/image\/\",\"url\":\"https:\/\/hatarakinihongo.com\/wp-content\/uploads\/2025\/11\/HATARAKI-NIHONGO_FB_Logo.png\",\"contentUrl\":\"https:\/\/hatarakinihongo.com\/wp-content\/uploads\/2025\/11\/HATARAKI-NIHONGO_FB_Logo.png\",\"width\":500,\"height\":500,\"caption\":\"Hataraki Nihongo\"},\"image\":{\"@id\":\"https:\/\/hatarakinihongo.com\/#\/schema\/logo\/image\/\"}}]}<\/script>\n<!-- \/ Yoast SEO plugin. -->","yoast_head_json":{"title":"Hataraki Nihongo - Hataraki Nihongo","description":"N\u01a1i chia s\u1ebb nh\u1eefng ki\u1ebfn th\u1ee9c ti\u1ebfng Nh\u1eadt business, ti\u1ebfng Nh\u1eadt IT th\u1ef1c t\u1ebf gi\u00fap b\u1ea1n t\u1ef1 tin giao ti\u1ebfp trong c\u00f4ng vi\u1ec7c","robots":{"index":"noindex","follow":"follow","max-snippet":"max-snippet:-1","max-image-preview":"max-image-preview:large","max-video-preview":"max-video-preview:-1"},"og_locale":"en_US","og_type":"article","og_title":"Hataraki Nihongo - Hataraki Nihongo","og_description":"N\u01a1i chia s\u1ebb nh\u1eefng ki\u1ebfn th\u1ee9c ti\u1ebfng Nh\u1eadt business, ti\u1ebfng Nh\u1eadt IT th\u1ef1c t\u1ebf gi\u00fap b\u1ea1n t\u1ef1 tin giao ti\u1ebfp trong c\u00f4ng vi\u1ec7c","og_url":"https:\/\/hatarakinihongo.com\/","og_site_name":"Hataraki Nihongo","article_modified_time":"2025-11-30T15:34:19+00:00","og_image":[{"width":500,"height":500,"url":"https:\/\/hatarakinihongo.com\/wp-content\/uploads\/2025\/11\/Home_image.png","type":"image\/png"}],"twitter_card":"summary_large_image","twitter_misc":{"Est. reading time":"3 minutes"},"schema":{"@context":"https:\/\/schema.org","@graph":[{"@type":"WebPage","@id":"https:\/\/hatarakinihongo.com\/","url":"https:\/\/hatarakinihongo.com\/","name":"Hataraki Nihongo - Hataraki Nihongo","isPartOf":{"@id":"https:\/\/hatarakinihongo.com\/#website"},"primaryImageOfPage":{"@id":"https:\/\/hatarakinihongo.com\/#primaryimage"},"image":{"@id":"https:\/\/hatarakinihongo.com\/#primaryimage"},"thumbnailUrl":"http:\/\/hatarakinihongo.com\/wp-content\/uploads\/2025\/11\/Home_image.png","datePublished":"2025-11-04T23:45:21+00:00","dateModified":"2025-11-30T15:34:19+00:00","description":"N\u01a1i chia s\u1ebb nh\u1eefng ki\u1ebfn th\u1ee9c ti\u1ebfng Nh\u1eadt business, ti\u1ebfng Nh\u1eadt IT th\u1ef1c t\u1ebf gi\u00fap b\u1ea1n t\u1ef1 tin giao ti\u1ebfp trong c\u00f4ng vi\u1ec7c","breadcrumb":{"@id":"https:\/\/hatarakinihongo.com\/#breadcrumb"},"inLanguage":"en-US","potentialAction":[{"@type":"ReadAction","target":["https:\/\/hatarakinihongo.com\/"]}]},{"@type":"ImageObject","inLanguage":"en-US","@id":"https:\/\/hatarakinihongo.com\/#primaryimage","url":"https:\/\/hatarakinihongo.com\/wp-content\/uploads\/2025\/11\/Home_image.png","contentUrl":"https:\/\/hatarakinihongo.com\/wp-content\/uploads\/2025\/11\/Home_image.png","width":500,"height":500,"caption":"girl is working with Japanese"},{"@type":"BreadcrumbList","@id":"https:\/\/hatarakinihongo.com\/#breadcrumb","itemListElement":[{"@type":"ListItem","position":1,"name":"Home","item":"https:\/\/hatarakinihongo.com\/"},{"@type":"ListItem","position":2,"name":"Hataraki Nihongo"}]},{"@type":"WebSite","@id":"https:\/\/hatarakinihongo.com\/#website","url":"https:\/\/hatarakinihongo.com\/","name":"Hataraki Nihongo","description":"\u4e00\u7dd2\u306b\u65e5\u672c\u8a9e\u3092\u5b66\u3073\u307e\u3057\u3087\u3046\u3002&lt;br&gt;\u4eca\u65e5\u306e\u4ed5\u4e8b\u306b\u81ea\u4fe1\u3092\u3001\u660e\u65e5\u306e\u672a\u6765\u306b\u5e0c\u671b\u3092","publisher":{"@id":"https:\/\/hatarakinihongo.com\/#organization"},"potentialAction":[{"@type":"SearchAction","target":{"@type":"EntryPoint","urlTemplate":"https:\/\/hatarakinihongo.com\/?s={search_term_string}"},"query-input":{"@type":"PropertyValueSpecification","valueRequired":true,"valueName":"search_term_string"}}],"inLanguage":"en-US"},{"@type":"Organization","@id":"https:\/\/hatarakinihongo.com\/#organization","name":"Hataraki Nihongo","url":"https:\/\/hatarakinihongo.com\/","logo":{"@type":"ImageObject","inLanguage":"en-US","@id":"https:\/\/hatarakinihongo.com\/#\/schema\/logo\/image\/","url":"https:\/\/hatarakinihongo.com\/wp-content\/uploads\/2025\/11\/HATARAKI-NIHONGO_FB_Logo.png","contentUrl":"https:\/\/hatarakinihongo.com\/wp-content\/uploads\/2025\/11\/HATARAKI-NIHONGO_FB_Logo.png","width":500,"height":500,"caption":"Hataraki Nihongo"},"image":{"@id":"https:\/\/hatarakinihongo.com\/#\/schema\/logo\/image\/"}}]}},"_links":{"self":[{"href":"https:\/\/hatarakinihongo.com\/index.php?rest_route=\/wp\/v2\/pages\/85","targetHints":{"allow":["GET"]}}],"collection":[{"href":"https:\/\/hatarakinihongo.com\/index.php?rest_route=\/wp\/v2\/pages"}],"about":[{"href":"https:\/\/hatarakinihongo.com\/index.php?rest_route=\/wp\/v2\/types\/page"}],"author":[{"embeddable":true,"href":"https:\/\/hatarakinihongo.com\/index.php?rest_route=\/wp\/v2\/users\/1"}],"replies":[{"embeddable":true,"href":"https:\/\/hatarakinihongo.com\/index.php?rest_route=%2Fwp%2Fv2%2Fcomments&post=85"}],"version-history":[{"count":125,"href":"https:\/\/hatarakinihongo.com\/index.php?rest_route=\/wp\/v2\/pages\/85\/revisions"}],"predecessor-version":[{"id":1850,"href":"https:\/\/hatarakinihongo.com\/index.php?rest_route=\/wp\/v2\/pages\/85\/revisions\/1850"}],"wp:attachment":[{"href":"https:\/\/hatarakinihongo.com\/index.php?rest_route=%2Fwp%2Fv2%2Fmedia&parent=85"}],"curies":[{"name":"wp","href":"https:\/\/api.w.org\/{rel}","templated":true}]}}